 {"id":929,"date":"2024-07-15T03:16:31","date_gmt":"2024-07-15T03:16:31","guid":{"rendered":"https:\/\/altyra.wizardswp.com\/?page_id=929"},"modified":"2025-09-26T13:58:18","modified_gmt":"2025-09-26T13:58:18","slug":"acompanhamento_obra","status":"publish","type":"page","link":"https:\/\/checkhouse.pt\/es\/acompanhamento_obra\/","title":{"rendered":"Supervisi\u00f3n Del Trabajo"},"content":{"rendered":"<div data-elementor-type=\"wp-page\" data-elementor-id=\"929\" class=\"elementor elementor-929\" data-elementor-post-type=\"page\">\n\t\t\t\t<div class=\"elementor-element elementor-element-63789e6 e-flex e-con-boxed e-con e-parent\" data-id=\"63789e6\" data-element_type=\"container\" data-settings=\"{&quot;background_background&quot;:&quot;classic&quot;,&quot;ekit_has_onepagescroll_dot&quot;:&quot;yes&quot;}\">\n\t\t\t\t\t<div class=\"e-con-inner\">\n\t\t<div class=\"elementor-element elementor-element-0d1c62b e-con-full e-flex e-con e-child\" data-id=\"0d1c62b\" data-element_type=\"container\" data-settings=\"{&quot;ekit_has_onepagescroll_dot&quot;:&quot;yes&quot;}\">\n\t\t<div class=\"elementor-element elementor-element-2995d48 e-con-full e-flex e-con e-child\" data-id=\"2995d48\" data-element_type=\"container\" data-settings=\"{&quot;ekit_has_onepagescroll_dot&quot;:&quot;yes&quot;}\">\n\t\t\t\t<div class=\"elementor-element elementor-element-4e6d68d elementor-widget elementor-widget-heading\" data-id=\"4e6d68d\" data-element_type=\"widget\" data-settings=\"{&quot;ekit_we_effect_on&quot;:&quot;none&quot;}\" data-widget_type=\"heading.default\">\n\t\t\t\t<div class=\"elementor-widget-container\">\n\t\t\t\t\t<h2 class=\"elementor-heading-title elementor-size-default\">\u2022 SUPERVISI\u00d3N DEL TRABAJO<\/h2>\t\t\t\t<\/div>\n\t\t\t\t<\/div>\n\t\t\t\t<\/div>\n\t\t<div class=\"elementor-element elementor-element-6b941c1 e-con-full e-flex e-con e-child\" data-id=\"6b941c1\" data-element_type=\"container\" data-settings=\"{&quot;ekit_has_onepagescroll_dot&quot;:&quot;yes&quot;}\">\n\t\t\t\t<\/div>\n\t\t\t\t<\/div>\n\t\t\t\t\t<\/div>\n\t\t\t\t<\/div>\n\t\t<div class=\"elementor-element elementor-element-c436f7d e-flex e-con-boxed e-con e-parent\" data-id=\"c436f7d\" data-element_type=\"container\" data-settings=\"{&quot;ekit_has_onepagescroll_dot&quot;:&quot;yes&quot;}\">\n\t\t\t\t\t<div class=\"e-con-inner\">\n\t\t<div class=\"elementor-element elementor-element-602bf3d e-con-full e-flex e-con e-child\" data-id=\"602bf3d\" data-element_type=\"container\" data-settings=\"{&quot;ekit_has_onepagescroll_dot&quot;:&quot;yes&quot;}\">\n\t\t\t\t<div class=\"elementor-element elementor-element-c377f0c elementor-invisible elementor-widget elementor-widget-text-editor\" data-id=\"c377f0c\" data-element_type=\"widget\" data-settings=\"{&quot;_animation&quot;:&quot;fadeInLeft&quot;,&quot;ekit_we_effect_on&quot;:&quot;none&quot;}\" data-widget_type=\"text-editor.default\">\n\t\t\t\t<div class=\"elementor-widget-container\">\n\t\t\t\t\t\t\t\t\t<div><p>A <b>Checkhouse\u00a0<\/b>proporciona un servicio completo de <strong>Inspecci\u00f3n y seguimiento de las obras de construcci\u00f3n.<\/strong>Dise\u00f1ado para garantizar la mejor relaci\u00f3n calidad-precio para su proyecto, nuestro trabajo tiene como objetivo asegurar que la ejecuci\u00f3n del proyecto cumpla con los m\u00e1s altos est\u00e1ndares, controlando los costos, los plazos y la seguridad.\u00a0<\/p><p>Adem\u00e1s, la inclusi\u00f3n de <strong>Coordinaci\u00f3n de la seguridad en las obras de construcci\u00f3n<\/strong> Garantiza un servicio m\u00e1s completo, centrado en la gesti\u00f3n de la seguridad, la higiene y la salud en el trabajo, cumpliendo con todos los requisitos legales.<\/p><p>Nuestro servicio se divide en diferentes fases, cada una con objetivos y resultados espec\u00edficos:<\/p><\/div><div><ul><li><strong>An\u00e1lisis del Proyecto de Ejecuci\u00f3n\/Preparaci\u00f3n de Obra (opcional).<\/strong>\u00a0En esta etapa, nuestro equipo analiza y concilia los planos arquitect\u00f3nicos y t\u00e9cnicos. Si bien es opcional, recomendamos encarecidamente este paso, ya que nos permite identificar y corregir posibles problemas antes de que comience la construcci\u00f3n, evitando inconvenientes imprevistos, retrasos y costos adicionales.<\/li><\/ul><p><!-- notionvc: 73c93bbb-5aa8-4c4e-b9b2-f36ef6fe6661 --><\/p><ul><li><strong>Apoyo en el Proceso de Licitaci\u00f3n de Especialidades y Contratistas (Pre-Construcci\u00f3n).\u00a0<\/strong>En esta etapa, nuestra misi\u00f3n es asegurar que el alcance y la calidad que usted desea para su proyecto se reflejen en las licitaciones para dise\u00f1adores y contratistas. Despu\u00e9s de la selecci\u00f3n, el <strong style=\"font-style: inherit;\">Checkhouse<\/strong><span style=\"font-style: inherit; font-weight: inherit;\"> Brindamos apoyo en la negociaci\u00f3n de contratos, asegurando que los t\u00e9rminos y condiciones sean favorables y claros. Nuestro apoyo se extiende a la gesti\u00f3n de los contratos firmados, garantizando el cumplimiento de todos los acuerdos.\u00a0<\/span>Paralelamente, nuestro equipo supervisa la ejecuci\u00f3n de los proyectos especializados y prepara el terreno para el inicio de la construcci\u00f3n. El proceso culmina con la firma del contrato, lo que le garantiza que su proyecto est\u00e1 en manos de los socios id\u00f3neos.<\/li><\/ul><p><!-- notionvc: c5e57652-a22d-41c5-9e56-3b6731253f6e --><\/p><div>\u00a0<\/div><\/div>\t\t\t\t\t\t\t\t<\/div>\n\t\t\t\t<\/div>\n\t\t\t\t<\/div>\n\t\t<div class=\"elementor-element elementor-element-fc9c40b e-con-full e-flex e-con e-child\" data-id=\"fc9c40b\" data-element_type=\"container\" data-settings=\"{&quot;ekit_has_onepagescroll_dot&quot;:&quot;yes&quot;}\">\n\t\t\t\t<div class=\"elementor-element elementor-element-ea23bda elementor-invisible elementor-widget elementor-widget-text-editor\" data-id=\"ea23bda\" data-element_type=\"widget\" data-settings=\"{&quot;_animation&quot;:&quot;fadeInRight&quot;,&quot;ekit_we_effect_on&quot;:&quot;none&quot;}\" data-widget_type=\"text-editor.default\">\n\t\t\t\t<div class=\"elementor-widget-container\">\n\t\t\t\t\t\t\t\t\t<div><ul><li><strong>Fase de Ejecuci\u00f3n de Obra (Construcci\u00f3n).<\/strong>\u00a0<span style=\"font-style: inherit; font-weight: inherit;\">Nuestro enfoque principal es el <\/span><span class=\"notion-enable-hover\" style=\"font-style: inherit; font-weight: 600;\" data-token-index=\"1\">Control de calidad<\/span><span style=\"font-style: inherit; font-weight: inherit;\"> Supervisamos todos los aspectos del trabajo, desde la seguridad y el coste hasta los plazos de entrega y la calidad. Nuestro equipo elabora informes peri\u00f3dicos y actas de reuniones, realiza un seguimiento de las desviaciones y gestiona los cambios del proyecto. En materia de seguridad, validamos el Plan de Salud y Seguridad (PSS) y garantizamos su cumplimiento, de conformidad con el Decreto Ley n.\u00ba 273\/2003.<\/span><\/li><li><strong>Recepci\u00f3n de la Obra: <\/strong>En esta etapa, apoyamos al cliente en el cierre del proyecto. Supervisamos la aceptaci\u00f3n provisional de la obra y la obtenci\u00f3n del Permiso de Ocupaci\u00f3n, proceso que culmina con la firma del Certificado de Aceptaci\u00f3n Provisional (con sus anexos) y la entrega del Permiso de Ocupaci\u00f3n al Cliente. Asimismo, podemos colaborar en la elaboraci\u00f3n del Manual de Usuario y la Ficha T\u00e9cnica de la Vivienda. En el marco del servicio de Coordinaci\u00f3n de Seguridad en la Construcci\u00f3n, brindamos apoyo al Propietario en la recopilaci\u00f3n de toda la documentaci\u00f3n necesaria para la seguridad de la obra.<\/li><\/ul><\/div><ul><li><div><strong>Asistencia posterior a la construcci\u00f3n.<\/strong>\u00a0Si hay no conformidades pendientes, resultantes de la Recepci\u00f3n Provisional de la Obra, el equipo de Checkhouse se propone monitorear la resoluci\u00f3n de las mismas. Con el fin de ayudar al cliente en la Aceptaci\u00f3n Final de la Obra, proponemos la preparaci\u00f3n de los documentos pertinentes para la realizaci\u00f3n de este acto incluyendo la inspecci\u00f3n. Esta etapa concluye con la firma del documento de aceptaci\u00f3n final (con sus respectivos anexos). Queda excluido del alcance de esta propuesta cualquier seguimiento de las obras con vistas a resolver las situaciones pendientes del anexo a la recepci\u00f3n definitiva.<\/div><\/li><\/ul>\t\t\t\t\t\t\t\t<\/div>\n\t\t\t\t<\/div>\n\t\t\t\t<\/div>\n\t\t\t\t\t<\/div>\n\t\t\t\t<\/div>\n\t\t<div class=\"elementor-element elementor-element-b479d92 e-flex e-con-boxed e-con e-parent\" data-id=\"b479d92\" data-element_type=\"container\" data-settings=\"{&quot;ekit_has_onepagescroll_dot&quot;:&quot;yes&quot;}\">\n\t\t\t\t\t<div class=\"e-con-inner\">\n\t\t<div class=\"elementor-element elementor-element-cd7ee56 e-con-full e-flex e-con e-child\" data-id=\"cd7ee56\" data-element_type=\"container\" data-settings=\"{&quot;ekit_has_onepagescroll_dot&quot;:&quot;yes&quot;}\">\n\t\t\t\t<div class=\"elementor-element elementor-element-635a543 elementor-invisible elementor-widget elementor-widget-image\" data-id=\"635a543\" data-element_type=\"widget\" data-settings=\"{&quot;_animation&quot;:&quot;zoomIn&quot;,&quot;ekit_we_effect_on&quot;:&quot;none&quot;}\" data-widget_type=\"image.default\">\n\t\t\t\t<div class=\"elementor-widget-container\">\n\t\t\t\t\t\t\t\t\t\t\t\t\t\t\t<img fetchpriority=\"high\" decoding=\"async\" width=\"1200\" height=\"800\" src=\"https:\/\/checkhouse.pt\/wp-content\/uploads\/2024\/07\/iStock-552721685.png\" class=\"attachment-full size-full wp-image-941\" alt=\"\" srcset=\"https:\/\/checkhouse.pt\/wp-content\/uploads\/2024\/07\/iStock-552721685.png 1200w, https:\/\/checkhouse.pt\/wp-content\/uploads\/2024\/07\/iStock-552721685-300x200.png 300w, https:\/\/checkhouse.pt\/wp-content\/uploads\/2024\/07\/iStock-552721685-1024x683.png 1024w, https:\/\/checkhouse.pt\/wp-content\/uploads\/2024\/07\/iStock-552721685-768x512.png 768w\" sizes=\"(max-width: 1200px) 100vw, 1200px\" \/>\t\t\t\t\t\t\t\t\t\t\t\t\t\t\t<\/div>\n\t\t\t\t<\/div>\n\t\t\t\t<\/div>\n\t\t\t\t\t<\/div>\n\t\t\t\t<\/div>\n\t\t<div class=\"elementor-element elementor-element-cd10776 e-flex e-con-boxed e-con e-parent\" data-id=\"cd10776\" data-element_type=\"container\" data-settings=\"{&quot;ekit_has_onepagescroll_dot&quot;:&quot;yes&quot;}\">\n\t\t\t\t\t<div class=\"e-con-inner\">\n\t\t<div class=\"elementor-element elementor-element-db2f05d e-grid e-con-full e-con e-child\" data-id=\"db2f05d\" data-element_type=\"container\" data-settings=\"{&quot;ekit_has_onepagescroll_dot&quot;:&quot;yes&quot;}\">\n\t\t\t\t<div class=\"elementor-element elementor-element-ff84e3b elementor-view-default elementor-widget elementor-widget-icon\" data-id=\"ff84e3b\" data-element_type=\"widget\" data-settings=\"{&quot;ekit_we_effect_on&quot;:&quot;none&quot;}\" data-widget_type=\"icon.default\">\n\t\t\t\t<div class=\"elementor-widget-container\">\n\t\t\t\t\t\t\t<div class=\"elementor-icon-wrapper\">\n\t\t\t<a class=\"elementor-icon\" href=\"https:\/\/www.facebook.com\/checkhouse\/\">\n\t\t\t<svg aria-hidden=\"true\" class=\"e-font-icon-svg e-fab-facebook\" viewbox=\"0 0 512 512\" xmlns=\"http:\/\/www.w3.org\/2000\/svg\"><path d=\"M504 256C504 119 393 8 256 8S8 119 8 256c0 123.78 90.69 226.38 209.25 245V327.69h-63V256h63v-54.64c0-62.15 37-96.48 93.67-96.48 27.14 0 55.52 4.84 55.52 4.84v61h-31.28c-30.8 0-40.41 19.12-40.41 38.73V256h68.78l-11 71.69h-57.78V501C413.31 482.38 504 379.78 504 256z\"><\/path><\/svg>\t\t\t<\/a>\n\t\t<\/div>\n\t\t\t\t\t\t<\/div>\n\t\t\t\t<\/div>\n\t\t\t\t<div class=\"elementor-element elementor-element-1b99347 elementor-view-default elementor-widget elementor-widget-icon\" data-id=\"1b99347\" data-element_type=\"widget\" data-settings=\"{&quot;ekit_we_effect_on&quot;:&quot;none&quot;}\" data-widget_type=\"icon.default\">\n\t\t\t\t<div class=\"elementor-widget-container\">\n\t\t\t\t\t\t\t<div class=\"elementor-icon-wrapper\">\n\t\t\t<a class=\"elementor-icon\" href=\"https:\/\/www.instagram.com\/checkhouse.oficial\/\">\n\t\t\t<svg aria-hidden=\"true\" class=\"e-font-icon-svg e-fab-instagram\" viewbox=\"0 0 448 512\" xmlns=\"http:\/\/www.w3.org\/2000\/svg\"><path d=\"M224.1 141c-63.6 0-114.9 51.3-114.9 114.9s51.3 114.9 114.9 114.9S339 319.5 339 255.9 287.7 141 224.1 141zm0 189.6c-41.1 0-74.7-33.5-74.7-74.7s33.5-74.7 74.7-74.7 74.7 33.5 74.7 74.7-33.6 74.7-74.7 74.7zm146.4-194.3c0 14.9-12 26.8-26.8 26.8-14.9 0-26.8-12-26.8-26.8s12-26.8 26.8-26.8 26.8 12 26.8 26.8zm76.1 27.2c-1.7-35.9-9.9-67.7-36.2-93.9-26.2-26.2-58-34.4-93.9-36.2-37-2.1-147.9-2.1-184.9 0-35.8 1.7-67.6 9.9-93.9 36.1s-34.4 58-36.2 93.9c-2.1 37-2.1 147.9 0 184.9 1.7 35.9 9.9 67.7 36.2 93.9s58 34.4 93.9 36.2c37 2.1 147.9 2.1 184.9 0 35.9-1.7 67.7-9.9 93.9-36.2 26.2-26.2 34.4-58 36.2-93.9 2.1-37 2.1-147.8 0-184.8zM398.8 388c-7.8 19.6-22.9 34.7-42.6 42.6-29.5 11.7-99.5 9-132.1 9s-102.7 2.6-132.1-9c-19.6-7.8-34.7-22.9-42.6-42.6-11.7-29.5-9-99.5-9-132.1s-2.6-102.7 9-132.1c7.8-19.6 22.9-34.7 42.6-42.6 29.5-11.7 99.5-9 132.1-9s102.7-2.6 132.1 9c19.6 7.8 34.7 22.9 42.6 42.6 11.7 29.5 9 99.5 9 132.1s2.7 102.7-9 132.1z\"><\/path><\/svg>\t\t\t<\/a>\n\t\t<\/div>\n\t\t\t\t\t\t<\/div>\n\t\t\t\t<\/div>\n\t\t\t\t<div class=\"elementor-element elementor-element-4397e34 elementor-view-default elementor-widget elementor-widget-icon\" data-id=\"4397e34\" data-element_type=\"widget\" data-settings=\"{&quot;ekit_we_effect_on&quot;:&quot;none&quot;}\" data-widget_type=\"icon.default\">\n\t\t\t\t<div class=\"elementor-widget-container\">\n\t\t\t\t\t\t\t<div class=\"elementor-icon-wrapper\">\n\t\t\t<a class=\"elementor-icon\" href=\"https:\/\/www.linkedin.com\/company\/checkhouse\/?viewAsMember=true\">\n\t\t\t<svg aria-hidden=\"true\" class=\"e-font-icon-svg e-fab-linkedin\" viewbox=\"0 0 448 512\" xmlns=\"http:\/\/www.w3.org\/2000\/svg\"><path d=\"M416 32H31.9C14.3 32 0 46.5 0 64.3v383.4C0 465.5 14.3 480 31.9 480H416c17.6 0 32-14.5 32-32.3V64.3c0-17.8-14.4-32.3-32-32.3zM135.4 416H69V202.2h66.5V416zm-33.2-243c-21.3 0-38.5-17.3-38.5-38.5S80.9 96 102.2 96c21.2 0 38.5 17.3 38.5 38.5 0 21.3-17.2 38.5-38.5 38.5zm282.1 243h-66.4V312c0-24.8-.5-56.7-34.5-56.7-34.6 0-39.9 27-39.9 54.9V416h-66.4V202.2h63.7v29.2h.9c8.9-16.8 30.6-34.5 62.9-34.5 67.2 0 79.7 44.3 79.7 101.9V416z\"><\/path><\/svg>\t\t\t<\/a>\n\t\t<\/div>\n\t\t\t\t\t\t<\/div>\n\t\t\t\t<\/div>\n\t\t\t\t<\/div>\n\t\t\t\t\t<\/div>\n\t\t\t\t<\/div>\n\t\t\t\t<\/div>","protected":false},"excerpt":{"rendered":"<p>FISCALIZA\u00c7\u00c3O E ACOMPANHAMENTO DE OBRA A Checkhouse\u00a0disponibiliza um servi\u00e7o completo de Fiscaliza\u00e7\u00e3o e acompanhamento de obra, concebido para garantir a melhor rela\u00e7\u00e3o qualidade\/pre\u00e7o para o seu projeto. A nossa atua\u00e7\u00e3o visa assegurar que a execu\u00e7\u00e3o da obra cumpre os padr\u00f5es de excel\u00eancia, controlando os custos, os prazos e a seguran\u00e7a.\u00a0 Adicionalmente, a inclus\u00e3o da Coordena\u00e7\u00e3o [&hellip;]<\/p>\n","protected":false},"author":1,"featured_media":0,"parent":0,"menu_order":0,"comment_status":"closed","ping_status":"closed","template":"","meta":{"om_disable_all_campaigns":false,"_monsterinsights_skip_tracking":false,"_monsterinsights_sitenote_active":false,"_monsterinsights_sitenote_note":"","_monsterinsights_sitenote_category":0,"footnotes":""},"class_list":["post-929","page","type-page","status-publish","hentry"],"aioseo_notices":[],"_links":{"self":[{"href":"https:\/\/checkhouse.pt\/es\/wp-json\/wp\/v2\/pages\/929","targetHints":{"allow":["GET"]}}],"collection":[{"href":"https:\/\/checkhouse.pt\/es\/wp-json\/wp\/v2\/pages"}],"about":[{"href":"https:\/\/checkhouse.pt\/es\/wp-json\/wp\/v2\/types\/page"}],"author":[{"embeddable":true,"href":"https:\/\/checkhouse.pt\/es\/wp-json\/wp\/v2\/users\/1"}],"replies":[{"embeddable":true,"href":"https:\/\/checkhouse.pt\/es\/wp-json\/wp\/v2\/comments?post=929"}],"version-history":[{"count":6,"href":"https:\/\/checkhouse.pt\/es\/wp-json\/wp\/v2\/pages\/929\/revisions"}],"predecessor-version":[{"id":2965,"href":"https:\/\/checkhouse.pt\/es\/wp-json\/wp\/v2\/pages\/929\/revisions\/2965"}],"wp:attachment":[{"href":"https:\/\/checkhouse.pt\/es\/wp-json\/wp\/v2\/media?parent=929"}],"curies":[{"name":"wp","href":"https:\/\/api.w.org\/{rel}","templated":true}]}}