 {"id":838,"date":"2024-07-13T09:19:35","date_gmt":"2024-07-13T09:19:35","guid":{"rendered":"https:\/\/altyra.wizardswp.com\/?page_id=838"},"modified":"2025-09-26T15:26:37","modified_gmt":"2025-09-26T15:26:37","slug":"detecao_fugas","status":"publish","type":"page","link":"https:\/\/checkhouse.pt\/es\/detecao_fugas\/","title":{"rendered":"Inspecciones Antes Del Alquiler"},"content":{"rendered":"<div data-elementor-type=\"wp-page\" data-elementor-id=\"838\" class=\"elementor elementor-838\" data-elementor-post-type=\"page\">\n\t\t\t\t<div class=\"elementor-element elementor-element-c64fba7 e-flex e-con-boxed e-con e-parent\" data-id=\"c64fba7\" data-element_type=\"container\" data-settings=\"{&quot;background_background&quot;:&quot;classic&quot;,&quot;ekit_has_onepagescroll_dot&quot;:&quot;yes&quot;}\">\n\t\t\t\t\t<div class=\"e-con-inner\">\n\t\t<div class=\"elementor-element elementor-element-6171c53 e-con-full e-flex e-con e-child\" data-id=\"6171c53\" data-element_type=\"container\" data-settings=\"{&quot;ekit_has_onepagescroll_dot&quot;:&quot;yes&quot;}\">\n\t\t<div class=\"elementor-element elementor-element-9c59f67 e-con-full e-flex e-con e-child\" data-id=\"9c59f67\" data-element_type=\"container\" data-settings=\"{&quot;ekit_has_onepagescroll_dot&quot;:&quot;yes&quot;}\">\n\t\t\t\t<div class=\"elementor-element elementor-element-feaf420 elementor-widget elementor-widget-heading\" data-id=\"feaf420\" data-element_type=\"widget\" data-settings=\"{&quot;ekit_we_effect_on&quot;:&quot;none&quot;}\" data-widget_type=\"heading.default\">\n\t\t\t\t<div class=\"elementor-widget-container\">\n\t\t\t\t\t<h2 class=\"elementor-heading-title elementor-size-default\">DIAGN\u00d3STICOS ANTES DEL ALQUILER<\/h2>\t\t\t\t<\/div>\n\t\t\t\t<\/div>\n\t\t\t\t<\/div>\n\t\t<div class=\"elementor-element elementor-element-da75b57 e-con-full e-flex e-con e-child\" data-id=\"da75b57\" data-element_type=\"container\" data-settings=\"{&quot;ekit_has_onepagescroll_dot&quot;:&quot;yes&quot;}\">\n\t\t\t\t<\/div>\n\t\t\t\t<\/div>\n\t\t\t\t\t<\/div>\n\t\t\t\t<\/div>\n\t\t<div class=\"elementor-element elementor-element-988a4b6 e-flex e-con-boxed e-con e-parent\" data-id=\"988a4b6\" data-element_type=\"container\" data-settings=\"{&quot;ekit_has_onepagescroll_dot&quot;:&quot;yes&quot;}\">\n\t\t\t\t\t<div class=\"e-con-inner\">\n\t\t<div class=\"elementor-element elementor-element-c3457b2 e-con-full e-flex e-con e-child\" data-id=\"c3457b2\" data-element_type=\"container\" data-settings=\"{&quot;ekit_has_onepagescroll_dot&quot;:&quot;yes&quot;}\">\n\t\t\t\t<div class=\"elementor-element elementor-element-75ac482 elementor-invisible elementor-widget elementor-widget-text-editor\" data-id=\"75ac482\" data-element_type=\"widget\" data-settings=\"{&quot;_animation&quot;:&quot;fadeInLeft&quot;,&quot;ekit_we_effect_on&quot;:&quot;none&quot;}\" data-widget_type=\"text-editor.default\">\n\t\t\t\t<div class=\"elementor-widget-container\">\n\t\t\t\t\t\t\t\t\t<p>Nuestro servicio de <strong>Inspecciones antes del contrato de arrendamiento<\/strong> Se trata de una evaluaci\u00f3n completa del estado de conservaci\u00f3n de una propiedad antes de formalizar un contrato. Mediante ensayos no destructivos y documentaci\u00f3n fotogr\u00e1fica y en v\u00eddeo detallada, verificamos el estado general de la propiedad para que usted pueda tomar una decisi\u00f3n informada y segura.<\/p><p>El informe de inspecci\u00f3n incluye un an\u00e1lisis exhaustivo, que puede incluir:<\/p><ul><li><strong>Fachadas, puertas y ventanas:<\/strong><ul><li>Verificaci\u00f3n de las partes externas y m\u00e1s visibles del inmueble;<\/li><li>Verificaci\u00f3n de la fachada del inmueble;<\/li><li>Verificaci\u00f3n del correcto funcionamiento de las puertas;<\/li><\/ul><\/li><li><strong>Instalaciones el\u00e9ctricas y de fontaner\u00eda:<\/strong><ul><li>Verificaci\u00f3n del correcto funcionamiento de todo el sistema hidr\u00e1ulico (Agua y desguace), a trav\u00e9s de pruebas (apertura de grifos, duchas, descargas, etc);<\/li><li>Verifique que la caja de distribuci\u00f3n de energ\u00eda y todos los disyuntores funcionen;<\/li><li>Pruebe que todos los enchufes e interruptores no est\u00e9n defectuosos;<\/li><\/ul><\/li><\/ul><p><!-- notionvc: 835d62a4-8605-463c-9613-57c59d200829 --><\/p>\t\t\t\t\t\t\t\t<\/div>\n\t\t\t\t<\/div>\n\t\t\t\t<\/div>\n\t\t<div class=\"elementor-element elementor-element-a05939f e-con-full e-flex e-con e-child\" data-id=\"a05939f\" data-element_type=\"container\" data-settings=\"{&quot;ekit_has_onepagescroll_dot&quot;:&quot;yes&quot;}\">\n\t\t\t\t<div class=\"elementor-element elementor-element-d091f01 elementor-invisible elementor-widget elementor-widget-text-editor\" data-id=\"d091f01\" data-element_type=\"widget\" data-settings=\"{&quot;_animation&quot;:&quot;fadeInRight&quot;,&quot;ekit_we_effect_on&quot;:&quot;none&quot;}\" data-widget_type=\"text-editor.default\">\n\t\t\t\t<div class=\"elementor-widget-container\">\n\t\t\t\t\t\t\t\t\t<ul><li><strong>Pintura de la propiedad:<\/strong><ul><li>Verificar el estado general de la pintura en las distintas divisiones de la casa;<\/li><\/ul><\/li><li><strong>Da\u00f1os y anomal\u00edas:<\/strong><ul><li>Verificaci\u00f3n de los pestillos y cerraduras de la propiedad (pruebas de apertura y cierre);<\/li><\/ul><\/li><\/ul><ul><li><strong>Elementos de prueba que se utilizan en la vida cotidiana:<\/strong><ul><li>Comprobaci\u00f3n de sanitarios, lavabos, duchas, enchufes y cables de red;<\/li><li>Probar los diversos equipos el\u00e9ctricos y de gas (Aire acondicionado, cocinas a gas \u00f3 electricas, neveras, etc.);<\/li><\/ul><\/li><li><strong>Da\u00f1os aparentes:<\/strong><ul><li>Verificaci\u00f3n de da\u00f1os aparentes en el inmueble, ya que pueden significar problemas estructurales que pueden causar da\u00f1os mayores;<\/li><li>Revisar filtraciones, moho, tejas rotas, vidrios rotos, entre otros da\u00f1os;<\/li><li>Comprobar el buen funcionamiento de la piscina;<\/li><\/ul><\/li><\/ul><p><!-- notionvc: 2db1cfa0-26db-40e9-a8bf-20d002161050 --><\/p>\t\t\t\t\t\t\t\t<\/div>\n\t\t\t\t<\/div>\n\t\t\t\t<\/div>\n\t\t\t\t\t<\/div>\n\t\t\t\t<\/div>\n\t\t<div class=\"elementor-element elementor-element-2bbb66d e-flex e-con-boxed e-con e-parent\" data-id=\"2bbb66d\" data-element_type=\"container\" data-settings=\"{&quot;ekit_has_onepagescroll_dot&quot;:&quot;yes&quot;}\">\n\t\t\t\t\t<div class=\"e-con-inner\">\n\t\t\t\t<div class=\"elementor-element elementor-element-741c5b4 elementor-invisible elementor-widget elementor-widget-image\" data-id=\"741c5b4\" data-element_type=\"widget\" data-settings=\"{&quot;_animation&quot;:&quot;zoomIn&quot;,&quot;ekit_we_effect_on&quot;:&quot;none&quot;}\" data-widget_type=\"image.default\">\n\t\t\t\t<div class=\"elementor-widget-container\">\n\t\t\t\t\t\t\t\t\t\t\t\t\t\t\t<img fetchpriority=\"high\" decoding=\"async\" width=\"509\" height=\"339\" src=\"https:\/\/checkhouse.pt\/wp-content\/uploads\/2024\/07\/istockphoto-865349292-170667a.jpg\" class=\"attachment-large size-large wp-image-843\" alt=\"\" srcset=\"https:\/\/checkhouse.pt\/wp-content\/uploads\/2024\/07\/istockphoto-865349292-170667a.jpg 509w, https:\/\/checkhouse.pt\/wp-content\/uploads\/2024\/07\/istockphoto-865349292-170667a-300x200.jpg 300w\" sizes=\"(max-width: 509px) 100vw, 509px\" \/>\t\t\t\t\t\t\t\t\t\t\t\t\t\t\t<\/div>\n\t\t\t\t<\/div>\n\t\t\t\t\t<\/div>\n\t\t\t\t<\/div>\n\t\t<div class=\"elementor-element elementor-element-278d44d e-flex e-con-boxed e-con e-parent\" data-id=\"278d44d\" data-element_type=\"container\" data-settings=\"{&quot;ekit_has_onepagescroll_dot&quot;:&quot;yes&quot;}\">\n\t\t\t\t\t<div class=\"e-con-inner\">\n\t\t<div class=\"elementor-element elementor-element-c876e95 e-grid e-con-full e-con e-child\" data-id=\"c876e95\" data-element_type=\"container\" data-settings=\"{&quot;ekit_has_onepagescroll_dot&quot;:&quot;yes&quot;}\">\n\t\t\t\t<div class=\"elementor-element elementor-element-1bd2c32 elementor-view-default elementor-widget elementor-widget-icon\" data-id=\"1bd2c32\" data-element_type=\"widget\" data-settings=\"{&quot;ekit_we_effect_on&quot;:&quot;none&quot;}\" data-widget_type=\"icon.default\">\n\t\t\t\t<div class=\"elementor-widget-container\">\n\t\t\t\t\t\t\t<div class=\"elementor-icon-wrapper\">\n\t\t\t<a class=\"elementor-icon\" href=\"https:\/\/www.facebook.com\/checkhouse\/\">\n\t\t\t<svg aria-hidden=\"true\" class=\"e-font-icon-svg e-fab-facebook\" viewbox=\"0 0 512 512\" xmlns=\"http:\/\/www.w3.org\/2000\/svg\"><path d=\"M504 256C504 119 393 8 256 8S8 119 8 256c0 123.78 90.69 226.38 209.25 245V327.69h-63V256h63v-54.64c0-62.15 37-96.48 93.67-96.48 27.14 0 55.52 4.84 55.52 4.84v61h-31.28c-30.8 0-40.41 19.12-40.41 38.73V256h68.78l-11 71.69h-57.78V501C413.31 482.38 504 379.78 504 256z\"><\/path><\/svg>\t\t\t<\/a>\n\t\t<\/div>\n\t\t\t\t\t\t<\/div>\n\t\t\t\t<\/div>\n\t\t\t\t<div class=\"elementor-element elementor-element-ac5840f elementor-view-default elementor-widget elementor-widget-icon\" data-id=\"ac5840f\" data-element_type=\"widget\" data-settings=\"{&quot;ekit_we_effect_on&quot;:&quot;none&quot;}\" data-widget_type=\"icon.default\">\n\t\t\t\t<div class=\"elementor-widget-container\">\n\t\t\t\t\t\t\t<div class=\"elementor-icon-wrapper\">\n\t\t\t<a class=\"elementor-icon\" href=\"https:\/\/www.instagram.com\/checkhouse.oficial\/\">\n\t\t\t<svg aria-hidden=\"true\" class=\"e-font-icon-svg e-fab-instagram\" viewbox=\"0 0 448 512\" xmlns=\"http:\/\/www.w3.org\/2000\/svg\"><path d=\"M224.1 141c-63.6 0-114.9 51.3-114.9 114.9s51.3 114.9 114.9 114.9S339 319.5 339 255.9 287.7 141 224.1 141zm0 189.6c-41.1 0-74.7-33.5-74.7-74.7s33.5-74.7 74.7-74.7 74.7 33.5 74.7 74.7-33.6 74.7-74.7 74.7zm146.4-194.3c0 14.9-12 26.8-26.8 26.8-14.9 0-26.8-12-26.8-26.8s12-26.8 26.8-26.8 26.8 12 26.8 26.8zm76.1 27.2c-1.7-35.9-9.9-67.7-36.2-93.9-26.2-26.2-58-34.4-93.9-36.2-37-2.1-147.9-2.1-184.9 0-35.8 1.7-67.6 9.9-93.9 36.1s-34.4 58-36.2 93.9c-2.1 37-2.1 147.9 0 184.9 1.7 35.9 9.9 67.7 36.2 93.9s58 34.4 93.9 36.2c37 2.1 147.9 2.1 184.9 0 35.9-1.7 67.7-9.9 93.9-36.2 26.2-26.2 34.4-58 36.2-93.9 2.1-37 2.1-147.8 0-184.8zM398.8 388c-7.8 19.6-22.9 34.7-42.6 42.6-29.5 11.7-99.5 9-132.1 9s-102.7 2.6-132.1-9c-19.6-7.8-34.7-22.9-42.6-42.6-11.7-29.5-9-99.5-9-132.1s-2.6-102.7 9-132.1c7.8-19.6 22.9-34.7 42.6-42.6 29.5-11.7 99.5-9 132.1-9s102.7-2.6 132.1 9c19.6 7.8 34.7 22.9 42.6 42.6 11.7 29.5 9 99.5 9 132.1s2.7 102.7-9 132.1z\"><\/path><\/svg>\t\t\t<\/a>\n\t\t<\/div>\n\t\t\t\t\t\t<\/div>\n\t\t\t\t<\/div>\n\t\t\t\t<div class=\"elementor-element elementor-element-a86ba23 elementor-view-default elementor-widget elementor-widget-icon\" data-id=\"a86ba23\" data-element_type=\"widget\" data-settings=\"{&quot;ekit_we_effect_on&quot;:&quot;none&quot;}\" data-widget_type=\"icon.default\">\n\t\t\t\t<div class=\"elementor-widget-container\">\n\t\t\t\t\t\t\t<div class=\"elementor-icon-wrapper\">\n\t\t\t<a class=\"elementor-icon\" href=\"https:\/\/www.linkedin.com\/company\/checkhouse\/?viewAsMember=true\">\n\t\t\t<svg aria-hidden=\"true\" class=\"e-font-icon-svg e-fab-linkedin\" viewbox=\"0 0 448 512\" xmlns=\"http:\/\/www.w3.org\/2000\/svg\"><path d=\"M416 32H31.9C14.3 32 0 46.5 0 64.3v383.4C0 465.5 14.3 480 31.9 480H416c17.6 0 32-14.5 32-32.3V64.3c0-17.8-14.4-32.3-32-32.3zM135.4 416H69V202.2h66.5V416zm-33.2-243c-21.3 0-38.5-17.3-38.5-38.5S80.9 96 102.2 96c21.2 0 38.5 17.3 38.5 38.5 0 21.3-17.2 38.5-38.5 38.5zm282.1 243h-66.4V312c0-24.8-.5-56.7-34.5-56.7-34.6 0-39.9 27-39.9 54.9V416h-66.4V202.2h63.7v29.2h.9c8.9-16.8 30.6-34.5 62.9-34.5 67.2 0 79.7 44.3 79.7 101.9V416z\"><\/path><\/svg>\t\t\t<\/a>\n\t\t<\/div>\n\t\t\t\t\t\t<\/div>\n\t\t\t\t<\/div>\n\t\t\t\t<\/div>\n\t\t\t\t\t<\/div>\n\t\t\t\t<\/div>\n\t\t\t\t<\/div>","protected":false},"excerpt":{"rendered":"<p>VISTORIAS ANTES DO ARRENDAMENTO O nosso servi\u00e7o de Vistorias antes do Arrendamento \u00e9 um levantamento completo do estado de conserva\u00e7\u00e3o de um im\u00f3vel antes de formalizar um contrato. Atrav\u00e9s de ensaios n\u00e3o destrutivos e de um registo fotogr\u00e1fico e videogr\u00e1fico detalhado, verificamos o estado geral da propriedade para que possa tomar uma decis\u00e3o informada e [&hellip;]<\/p>\n","protected":false},"author":1,"featured_media":0,"parent":0,"menu_order":0,"comment_status":"closed","ping_status":"closed","template":"","meta":{"om_disable_all_campaigns":false,"_monsterinsights_skip_tracking":false,"_monsterinsights_sitenote_active":false,"_monsterinsights_sitenote_note":"","_monsterinsights_sitenote_category":0,"footnotes":""},"class_list":["post-838","page","type-page","status-publish","hentry"],"aioseo_notices":[],"_links":{"self":[{"href":"https:\/\/checkhouse.pt\/es\/wp-json\/wp\/v2\/pages\/838","targetHints":{"allow":["GET"]}}],"collection":[{"href":"https:\/\/checkhouse.pt\/es\/wp-json\/wp\/v2\/pages"}],"about":[{"href":"https:\/\/checkhouse.pt\/es\/wp-json\/wp\/v2\/types\/page"}],"author":[{"embeddable":true,"href":"https:\/\/checkhouse.pt\/es\/wp-json\/wp\/v2\/users\/1"}],"replies":[{"embeddable":true,"href":"https:\/\/checkhouse.pt\/es\/wp-json\/wp\/v2\/comments?post=838"}],"version-history":[{"count":3,"href":"https:\/\/checkhouse.pt\/es\/wp-json\/wp\/v2\/pages\/838\/revisions"}],"predecessor-version":[{"id":3039,"href":"https:\/\/checkhouse.pt\/es\/wp-json\/wp\/v2\/pages\/838\/revisions\/3039"}],"wp:attachment":[{"href":"https:\/\/checkhouse.pt\/es\/wp-json\/wp\/v2\/media?parent=838"}],"curies":[{"name":"wp","href":"https:\/\/api.w.org\/{rel}","templated":true}]}}