 {"id":3406,"date":"2026-01-28T16:40:09","date_gmt":"2026-01-28T16:40:09","guid":{"rendered":"https:\/\/checkhouse.pt\/?page_id=3406"},"modified":"2026-02-02T10:32:24","modified_gmt":"2026-02-02T10:32:24","slug":"checkhouse-celebra-20-anos","status":"publish","type":"page","link":"https:\/\/checkhouse.pt\/es\/checkhouse-celebra-20-anos\/","title":{"rendered":"En 2026 celebramos 20 a\u00f1os de historia."},"content":{"rendered":"<div data-elementor-type=\"wp-page\" data-elementor-id=\"3406\" class=\"elementor elementor-3406\" data-elementor-post-type=\"page\">\n\t\t\t\t<div class=\"elementor-element elementor-element-e5db0a1 e-flex e-con-boxed e-con e-parent\" data-id=\"e5db0a1\" data-element_type=\"container\" data-settings=\"{&quot;ekit_has_onepagescroll_dot&quot;:&quot;yes&quot;}\">\n\t\t\t\t\t<div class=\"e-con-inner\">\n\t\t<div class=\"elementor-element elementor-element-0ab8a4f e-con-full e-flex e-con e-child\" data-id=\"0ab8a4f\" data-element_type=\"container\" data-settings=\"{&quot;ekit_has_onepagescroll_dot&quot;:&quot;yes&quot;}\">\n\t\t\t\t<div class=\"elementor-element elementor-element-7ff9a10 elementor-widget__width-initial elementor-widget elementor-widget-text-editor\" data-id=\"7ff9a10\" data-element_type=\"widget\" data-settings=\"{&quot;ekit_we_effect_on&quot;:&quot;none&quot;}\" data-widget_type=\"text-editor.default\">\n\t\t\t\t<div class=\"elementor-widget-container\">\n\t\t\t\t\t\t\t\t\t<p><a href=\"https:\/\/checkhouse.pt\/es\/news\/\">NOT\u00cdCIAS<\/a><\/p>\t\t\t\t\t\t\t\t<\/div>\n\t\t\t\t<\/div>\n\t\t\t\t<\/div>\n\t\t\t\t\t<\/div>\n\t\t\t\t<\/div>\n\t\t<div class=\"elementor-element elementor-element-4cb4016 e-flex e-con-boxed e-con e-parent\" data-id=\"4cb4016\" data-element_type=\"container\" data-settings=\"{&quot;ekit_has_onepagescroll_dot&quot;:&quot;yes&quot;}\">\n\t\t\t\t\t<div class=\"e-con-inner\">\n\t\t<div class=\"elementor-element elementor-element-4e494d1 e-con-full e-flex e-con e-child\" data-id=\"4e494d1\" data-element_type=\"container\" data-settings=\"{&quot;ekit_has_onepagescroll_dot&quot;:&quot;yes&quot;}\">\n\t\t\t\t<div class=\"elementor-element elementor-element-8466bc8 elementor-invisible elementor-widget elementor-widget-heading\" data-id=\"8466bc8\" data-element_type=\"widget\" data-settings=\"{&quot;_animation&quot;:&quot;fadeInLeft&quot;,&quot;ekit_we_effect_on&quot;:&quot;none&quot;}\" data-widget_type=\"heading.default\">\n\t\t\t\t<div class=\"elementor-widget-container\">\n\t\t\t\t\t<h2 class=\"elementor-heading-title elementor-size-default\">Checkhouse celebra 20 a\u00f1os de historia.<\/h2>\t\t\t\t<\/div>\n\t\t\t\t<\/div>\n\t\t\t\t<div class=\"elementor-element elementor-element-cc4220f elementor-invisible elementor-widget elementor-widget-text-editor\" data-id=\"cc4220f\" data-element_type=\"widget\" data-settings=\"{&quot;_animation&quot;:&quot;fadeInLeft&quot;,&quot;ekit_we_effect_on&quot;:&quot;none&quot;}\" data-widget_type=\"text-editor.default\">\n\t\t\t\t<div class=\"elementor-widget-container\">\n\t\t\t\t\t\t\t\t\t<h5><em><b>Compromiso con la calidad y la confianza en el sector inmobiliario.<\/b><\/em><\/h5>\t\t\t\t\t\t\t\t<\/div>\n\t\t\t\t<\/div>\n\t\t\t\t<div class=\"elementor-element elementor-element-233b2d8 elementor-invisible elementor-widget elementor-widget-text-editor\" data-id=\"233b2d8\" data-element_type=\"widget\" data-settings=\"{&quot;_animation&quot;:&quot;fadeInLeft&quot;,&quot;ekit_we_effect_on&quot;:&quot;none&quot;}\" data-widget_type=\"text-editor.default\">\n\t\t\t\t<div class=\"elementor-widget-container\">\n\t\t\t\t\t\t\t\t\t<p>Febrero de 2026<\/p><p>Dos d\u00e9cadas de trabajo, innovaci\u00f3n y credibilidad. Checkhouse acaba de lanzar su... <strong>Sello conmemorativo del 20.\u00ba aniversario<\/strong>, un hito que simboliza la trayectoria de una empresa que se ha consolidado como referente en Portugal en los servicios de\u00a0<strong>diagn\u00f3sticos t\u00e9cnicos inmobiliarios y <\/strong><strong>inspecciones antes de la construcci\u00f3n,<\/strong>.<\/p><p>M\u00e1s que una celebraci\u00f3n, el sello representa la madurez de una marca que ha crecido a la par de la evoluci\u00f3n del mercado, invirtiendo en tecnolog\u00eda, formaci\u00f3n t\u00e9cnica y relaciones estrechas con clientes y socios.<\/p><p><strong>Una historia construida en el mercado inmobiliario.<\/strong><\/p><p>En los \u00faltimos 20 a\u00f1os, Checkhouse ha estado presente en miles de propiedades \u2014residenciales, comerciales e industriales\u2014 garantizando seguridad, transparencia y decisiones m\u00e1s firmes para propietarios, condominios, administradores e inversores.<\/p><p>Cada inspecci\u00f3n realizada tiene el mismo prop\u00f3sito que dio origen a la empresa: <strong>Prevenir problemas, reducir riesgos y proteger activos.<\/strong>.<\/p><p>Gracias a un equipo t\u00e9cnico especializado y a metodolog\u00edas cada vez m\u00e1s precisas, la empresa ha transformado la inspecci\u00f3n t\u00e9cnica inmobiliaria en una herramienta de gesti\u00f3n estrat\u00e9gica, y no solo en un tr\u00e1mite formal.<\/p><p>Para Checkhouse, cumplir 20 a\u00f1os significa algo m\u00e1s que mirar al pasado: se trata de dar forma al futuro.<\/p>\t\t\t\t\t\t\t\t<\/div>\n\t\t\t\t<\/div>\n\t\t\t\t<\/div>\n\t\t<div class=\"elementor-element elementor-element-fdec99f e-con-full e-flex e-con e-child\" data-id=\"fdec99f\" data-element_type=\"container\" data-settings=\"{&quot;ekit_has_onepagescroll_dot&quot;:&quot;yes&quot;}\">\n\t\t<div class=\"elementor-element elementor-element-ac8e3a3 e-con-full e-flex e-con e-child\" data-id=\"ac8e3a3\" data-element_type=\"container\" data-settings=\"{&quot;ekit_has_onepagescroll_dot&quot;:&quot;yes&quot;}\">\n\t\t\t\t<div class=\"elementor-element elementor-element-e6d628a elementor-widget__width-inherit elementor-invisible elementor-widget elementor-widget-text-editor\" data-id=\"e6d628a\" data-element_type=\"widget\" data-settings=\"{&quot;_animation&quot;:&quot;fadeInRight&quot;,&quot;ekit_we_effect_on&quot;:&quot;none&quot;}\" data-widget_type=\"text-editor.default\">\n\t\t\t\t<div class=\"elementor-widget-container\">\n\t\t\t\t\t\t\t\t\t<p><strong>Mirando hacia el futuro<\/strong><\/p><p>Los pr\u00f3ximos a\u00f1os traer\u00e1n nuevos retos: edificios m\u00e1s tecnol\u00f3gicos, requisitos legales m\u00e1s estrictos, sostenibilidad y la digitalizaci\u00f3n de los procesos. Y Checkhouse sigue preparada para liderar esta transformaci\u00f3n.<\/p><p>La inversi\u00f3n continua en innovaci\u00f3n, formaci\u00f3n t\u00e9cnica y mejora del servicio garantiza que la empresa siga siendo un socio de confianza en el mercado inmobiliario.<\/p><p><strong>\u201cCelebrar 20 a\u00f1os es una reafirmaci\u00f3n de nuestro compromiso de dar siempre lo mejor de nosotros. La experiencia que hemos acumulado es la base para los pr\u00f3ximos pasos.\u201d<\/strong><\/p>\t\t\t\t\t\t\t\t<\/div>\n\t\t\t\t<\/div>\n\t\t\t\t<\/div>\n\t\t<div class=\"elementor-element elementor-element-f6f1794 e-con-full e-flex e-con e-child\" data-id=\"f6f1794\" data-element_type=\"container\" data-settings=\"{&quot;ekit_has_onepagescroll_dot&quot;:&quot;yes&quot;}\">\n\t\t\t\t<div class=\"elementor-element elementor-element-ac78032 elementor-invisible elementor-widget elementor-widget-image\" data-id=\"ac78032\" data-element_type=\"widget\" data-settings=\"{&quot;_animation&quot;:&quot;fadeInRight&quot;,&quot;ekit_we_effect_on&quot;:&quot;none&quot;}\" data-widget_type=\"image.default\">\n\t\t\t\t<div class=\"elementor-widget-container\">\n\t\t\t\t\t\t\t\t\t\t\t\t\t\t\t<img fetchpriority=\"high\" decoding=\"async\" width=\"768\" height=\"640\" src=\"https:\/\/checkhouse.pt\/wp-content\/uploads\/2026\/01\/OFICIAL-CHECKHOUSE-768x640.png\" class=\"attachment-medium_large size-medium_large wp-image-3407\" alt=\"\" srcset=\"https:\/\/checkhouse.pt\/wp-content\/uploads\/2026\/01\/OFICIAL-CHECKHOUSE-768x640.png 768w, https:\/\/checkhouse.pt\/wp-content\/uploads\/2026\/01\/OFICIAL-CHECKHOUSE-300x250.png 300w, https:\/\/checkhouse.pt\/wp-content\/uploads\/2026\/01\/OFICIAL-CHECKHOUSE-1024x853.png 1024w, https:\/\/checkhouse.pt\/wp-content\/uploads\/2026\/01\/OFICIAL-CHECKHOUSE-14x12.png 14w, https:\/\/checkhouse.pt\/wp-content\/uploads\/2026\/01\/OFICIAL-CHECKHOUSE.png 1040w\" sizes=\"(max-width: 768px) 100vw, 768px\" \/>\t\t\t\t\t\t\t\t\t\t\t\t\t\t\t<\/div>\n\t\t\t\t<\/div>\n\t\t\t\t<\/div>\n\t\t\t\t<\/div>\n\t\t\t\t\t<\/div>\n\t\t\t\t<\/div>\n\t\t<div class=\"elementor-element elementor-element-a11550f e-flex e-con-boxed e-con e-parent\" data-id=\"a11550f\" data-element_type=\"container\" data-settings=\"{&quot;ekit_has_onepagescroll_dot&quot;:&quot;yes&quot;}\">\n\t\t\t\t\t<div class=\"e-con-inner\">\n\t\t<div class=\"elementor-element elementor-element-a6c314a e-grid e-con-full e-con e-child\" data-id=\"a6c314a\" data-element_type=\"container\" data-settings=\"{&quot;ekit_has_onepagescroll_dot&quot;:&quot;yes&quot;}\">\n\t\t\t\t<div class=\"elementor-element elementor-element-5d3fb15 elementor-view-default elementor-widget elementor-widget-icon\" data-id=\"5d3fb15\" data-element_type=\"widget\" data-settings=\"{&quot;ekit_we_effect_on&quot;:&quot;none&quot;}\" data-widget_type=\"icon.default\">\n\t\t\t\t<div class=\"elementor-widget-container\">\n\t\t\t\t\t\t\t<div class=\"elementor-icon-wrapper\">\n\t\t\t<a class=\"elementor-icon\" href=\"https:\/\/www.facebook.com\/checkhouse\/\">\n\t\t\t<svg aria-hidden=\"true\" class=\"e-font-icon-svg e-fab-facebook\" viewbox=\"0 0 512 512\" xmlns=\"http:\/\/www.w3.org\/2000\/svg\"><path d=\"M504 256C504 119 393 8 256 8S8 119 8 256c0 123.78 90.69 226.38 209.25 245V327.69h-63V256h63v-54.64c0-62.15 37-96.48 93.67-96.48 27.14 0 55.52 4.84 55.52 4.84v61h-31.28c-30.8 0-40.41 19.12-40.41 38.73V256h68.78l-11 71.69h-57.78V501C413.31 482.38 504 379.78 504 256z\"><\/path><\/svg>\t\t\t<\/a>\n\t\t<\/div>\n\t\t\t\t\t\t<\/div>\n\t\t\t\t<\/div>\n\t\t\t\t<div class=\"elementor-element elementor-element-f0bc481 elementor-view-default elementor-widget elementor-widget-icon\" data-id=\"f0bc481\" data-element_type=\"widget\" data-settings=\"{&quot;ekit_we_effect_on&quot;:&quot;none&quot;}\" data-widget_type=\"icon.default\">\n\t\t\t\t<div class=\"elementor-widget-container\">\n\t\t\t\t\t\t\t<div class=\"elementor-icon-wrapper\">\n\t\t\t<a class=\"elementor-icon\" href=\"https:\/\/www.instagram.com\/checkhouse.oficial\/\">\n\t\t\t<svg aria-hidden=\"true\" class=\"e-font-icon-svg e-fab-instagram\" viewbox=\"0 0 448 512\" xmlns=\"http:\/\/www.w3.org\/2000\/svg\"><path d=\"M224.1 141c-63.6 0-114.9 51.3-114.9 114.9s51.3 114.9 114.9 114.9S339 319.5 339 255.9 287.7 141 224.1 141zm0 189.6c-41.1 0-74.7-33.5-74.7-74.7s33.5-74.7 74.7-74.7 74.7 33.5 74.7 74.7-33.6 74.7-74.7 74.7zm146.4-194.3c0 14.9-12 26.8-26.8 26.8-14.9 0-26.8-12-26.8-26.8s12-26.8 26.8-26.8 26.8 12 26.8 26.8zm76.1 27.2c-1.7-35.9-9.9-67.7-36.2-93.9-26.2-26.2-58-34.4-93.9-36.2-37-2.1-147.9-2.1-184.9 0-35.8 1.7-67.6 9.9-93.9 36.1s-34.4 58-36.2 93.9c-2.1 37-2.1 147.9 0 184.9 1.7 35.9 9.9 67.7 36.2 93.9s58 34.4 93.9 36.2c37 2.1 147.9 2.1 184.9 0 35.9-1.7 67.7-9.9 93.9-36.2 26.2-26.2 34.4-58 36.2-93.9 2.1-37 2.1-147.8 0-184.8zM398.8 388c-7.8 19.6-22.9 34.7-42.6 42.6-29.5 11.7-99.5 9-132.1 9s-102.7 2.6-132.1-9c-19.6-7.8-34.7-22.9-42.6-42.6-11.7-29.5-9-99.5-9-132.1s-2.6-102.7 9-132.1c7.8-19.6 22.9-34.7 42.6-42.6 29.5-11.7 99.5-9 132.1-9s102.7-2.6 132.1 9c19.6 7.8 34.7 22.9 42.6 42.6 11.7 29.5 9 99.5 9 132.1s2.7 102.7-9 132.1z\"><\/path><\/svg>\t\t\t<\/a>\n\t\t<\/div>\n\t\t\t\t\t\t<\/div>\n\t\t\t\t<\/div>\n\t\t\t\t<div class=\"elementor-element elementor-element-f87f9ea elementor-view-default elementor-widget elementor-widget-icon\" data-id=\"f87f9ea\" data-element_type=\"widget\" data-settings=\"{&quot;ekit_we_effect_on&quot;:&quot;none&quot;}\" data-widget_type=\"icon.default\">\n\t\t\t\t<div class=\"elementor-widget-container\">\n\t\t\t\t\t\t\t<div class=\"elementor-icon-wrapper\">\n\t\t\t<a class=\"elementor-icon\" href=\"https:\/\/www.linkedin.com\/company\/checkhouse\/?viewAsMember=true\">\n\t\t\t<svg aria-hidden=\"true\" class=\"e-font-icon-svg e-fab-linkedin\" viewbox=\"0 0 448 512\" xmlns=\"http:\/\/www.w3.org\/2000\/svg\"><path d=\"M416 32H31.9C14.3 32 0 46.5 0 64.3v383.4C0 465.5 14.3 480 31.9 480H416c17.6 0 32-14.5 32-32.3V64.3c0-17.8-14.4-32.3-32-32.3zM135.4 416H69V202.2h66.5V416zm-33.2-243c-21.3 0-38.5-17.3-38.5-38.5S80.9 96 102.2 96c21.2 0 38.5 17.3 38.5 38.5 0 21.3-17.2 38.5-38.5 38.5zm282.1 243h-66.4V312c0-24.8-.5-56.7-34.5-56.7-34.6 0-39.9 27-39.9 54.9V416h-66.4V202.2h63.7v29.2h.9c8.9-16.8 30.6-34.5 62.9-34.5 67.2 0 79.7 44.3 79.7 101.9V416z\"><\/path><\/svg>\t\t\t<\/a>\n\t\t<\/div>\n\t\t\t\t\t\t<\/div>\n\t\t\t\t<\/div>\n\t\t\t\t<\/div>\n\t\t\t\t\t<\/div>\n\t\t\t\t<\/div>\n\t\t\t\t<\/div>","protected":false},"excerpt":{"rendered":"<p>NOT\u00cdCIAS Checkhouse celebra 20 anos de Hist\u00f3ria Compromisso com qualidade e confian\u00e7a no setor imobili\u00e1rio Fevereiro 2026 Duas d\u00e9cadas de trabalho, inova\u00e7\u00e3o e credibilidade. A Checkhouse acaba de lan\u00e7ar o seu selo comemorativo de 20 anos, um marco que simboliza a trajet\u00f3ria de uma empresa que se consolidou como refer\u00eancia em Portugal, nos servi\u00e7os de\u00a0diagn\u00f3sticos [&hellip;]<\/p>\n","protected":false},"author":3,"featured_media":0,"parent":0,"menu_order":0,"comment_status":"closed","ping_status":"closed","template":"","meta":{"om_disable_all_campaigns":false,"_monsterinsights_skip_tracking":false,"_monsterinsights_sitenote_active":false,"_monsterinsights_sitenote_note":"","_monsterinsights_sitenote_category":0,"footnotes":""},"class_list":["post-3406","page","type-page","status-publish","hentry"],"aioseo_notices":[],"_links":{"self":[{"href":"https:\/\/checkhouse.pt\/es\/wp-json\/wp\/v2\/pages\/3406","targetHints":{"allow":["GET"]}}],"collection":[{"href":"https:\/\/checkhouse.pt\/es\/wp-json\/wp\/v2\/pages"}],"about":[{"href":"https:\/\/checkhouse.pt\/es\/wp-json\/wp\/v2\/types\/page"}],"author":[{"embeddable":true,"href":"https:\/\/checkhouse.pt\/es\/wp-json\/wp\/v2\/users\/3"}],"replies":[{"embeddable":true,"href":"https:\/\/checkhouse.pt\/es\/wp-json\/wp\/v2\/comments?post=3406"}],"version-history":[{"count":19,"href":"https:\/\/checkhouse.pt\/es\/wp-json\/wp\/v2\/pages\/3406\/revisions"}],"predecessor-version":[{"id":3459,"href":"https:\/\/checkhouse.pt\/es\/wp-json\/wp\/v2\/pages\/3406\/revisions\/3459"}],"wp:attachment":[{"href":"https:\/\/checkhouse.pt\/es\/wp-json\/wp\/v2\/media?parent=3406"}],"curies":[{"name":"wp","href":"https:\/\/api.w.org\/{rel}","templated":true}]}}