 {"id":33,"date":"2024-07-11T04:04:34","date_gmt":"2024-07-11T04:04:34","guid":{"rendered":"https:\/\/altyra.wizardswp.com\/?page_id=33"},"modified":"2025-09-26T15:35:28","modified_gmt":"2025-09-26T15:35:28","slug":"analisepatologica","status":"publish","type":"page","link":"https:\/\/checkhouse.pt\/es\/analisepatologica\/","title":{"rendered":"SERVICIOS"},"content":{"rendered":"<div data-elementor-type=\"wp-page\" data-elementor-id=\"33\" class=\"elementor elementor-33\" data-elementor-post-type=\"page\">\n\t\t\t\t<div class=\"elementor-element elementor-element-2ecf055 e-flex e-con-boxed e-con e-parent\" data-id=\"2ecf055\" data-element_type=\"container\" data-settings=\"{&quot;background_background&quot;:&quot;classic&quot;,&quot;ekit_has_onepagescroll_dot&quot;:&quot;yes&quot;}\">\n\t\t\t\t\t<div class=\"e-con-inner\">\n\t\t<div class=\"elementor-element elementor-element-327a800 e-con-full e-flex e-con e-child\" data-id=\"327a800\" data-element_type=\"container\" data-settings=\"{&quot;ekit_has_onepagescroll_dot&quot;:&quot;yes&quot;}\">\n\t\t<div class=\"elementor-element elementor-element-499889b e-con-full e-flex e-con e-child\" data-id=\"499889b\" data-element_type=\"container\" data-settings=\"{&quot;ekit_has_onepagescroll_dot&quot;:&quot;yes&quot;}\">\n\t\t\t\t<div class=\"elementor-element elementor-element-cbf0a9b elementor-widget elementor-widget-heading\" data-id=\"cbf0a9b\" data-element_type=\"widget\" data-settings=\"{&quot;ekit_we_effect_on&quot;:&quot;none&quot;}\" data-widget_type=\"heading.default\">\n\t\t\t\t<div class=\"elementor-widget-container\">\n\t\t\t\t\t<h2 class=\"elementor-heading-title elementor-size-default\">AN\u00c1LISE PATOL\u00d3GICA DA CONSTRU\u00c7\u00c3O<br>\nSERVICIOS DE APOYO A LA CONSTRUCCI\u00d3N<\/h2>\t\t\t\t<\/div>\n\t\t\t\t<\/div>\n\t\t\t\t<\/div>\n\t\t<div class=\"elementor-element elementor-element-d8347cc e-con-full e-flex e-con e-child\" data-id=\"d8347cc\" data-element_type=\"container\" data-settings=\"{&quot;ekit_has_onepagescroll_dot&quot;:&quot;yes&quot;}\">\n\t\t\t\t<\/div>\n\t\t\t\t<\/div>\n\t\t\t\t\t<\/div>\n\t\t\t\t<\/div>\n\t\t<div class=\"elementor-element elementor-element-71bd78c e-flex e-con-boxed e-con e-parent\" data-id=\"71bd78c\" data-element_type=\"container\" data-settings=\"{&quot;ekit_has_onepagescroll_dot&quot;:&quot;yes&quot;}\">\n\t\t\t\t\t<div class=\"e-con-inner\">\n\t\t\t\t<div class=\"elementor-element elementor-element-726f0d4 elementor-widget-divider--view-line elementor-widget elementor-widget-divider\" data-id=\"726f0d4\" data-element_type=\"widget\" data-settings=\"{&quot;ekit_we_effect_on&quot;:&quot;none&quot;}\" data-widget_type=\"divider.default\">\n\t\t\t\t<div class=\"elementor-widget-container\">\n\t\t\t\t\t\t\t<div class=\"elementor-divider\">\n\t\t\t<span class=\"elementor-divider-separator\">\n\t\t\t\t\t\t<\/span>\n\t\t<\/div>\n\t\t\t\t\t\t<\/div>\n\t\t\t\t<\/div>\n\t\t\t\t\t<\/div>\n\t\t\t\t<\/div>\n\t\t<div class=\"elementor-element elementor-element-d89ba22 e-flex e-con-boxed e-con e-parent\" data-id=\"d89ba22\" data-element_type=\"container\" data-settings=\"{&quot;ekit_has_onepagescroll_dot&quot;:&quot;yes&quot;}\">\n\t\t\t\t\t<div class=\"e-con-inner\">\n\t\t\t\t<div class=\"elementor-element elementor-element-666da45 elementor-widget elementor-widget-text-editor\" data-id=\"666da45\" data-element_type=\"widget\" data-settings=\"{&quot;ekit_we_effect_on&quot;:&quot;none&quot;}\" data-widget_type=\"text-editor.default\">\n\t\t\t\t<div class=\"elementor-widget-container\">\n\t\t\t\t\t\t\t\t\t<p><span class=\"notion-enable-hover\" data-token-index=\"0\">Con el tiempo, todas las propiedades \u2014ya sean apartamentos, casas, locales comerciales o \u00e1reas comunes de edificios\u2014 presentan anomal\u00edas que comprometen su calidad y valor. Las fugas, los acabados defectuosos, los problemas con las instalaciones el\u00e9ctricas, los sistemas de agua y alcantarillado o los sistemas de aire acondicionado (HVAC) son problemas comunes que a menudo empeoran sin ser detectados a tiempo.\u00a0\u00a0<\/span><span class=\"notion-enable-hover\" data-token-index=\"2\">A\u00a0<\/span><span class=\"notion-enable-hover\" data-token-index=\"3\">Checkhouse<\/span><span class=\"notion-enable-hover\" data-token-index=\"4\">\u00a0Ofrecemos una gama de servicios especializados dise\u00f1ados para garantizar la calidad, la seguridad y el cumplimiento normativo de su propiedad en todas las etapas de su ciclo de vida.\u00a0<\/span>Nuestros servicios se dividen en dos \u00e1reas principales:\u00a0<\/p>\t\t\t\t\t\t\t\t<\/div>\n\t\t\t\t<\/div>\n\t\t\t\t\t<\/div>\n\t\t\t\t<\/div>\n\t\t<div class=\"elementor-element elementor-element-6141bb1 e-flex e-con-boxed e-con e-parent\" data-id=\"6141bb1\" data-element_type=\"container\" data-settings=\"{&quot;ekit_has_onepagescroll_dot&quot;:&quot;yes&quot;}\">\n\t\t\t\t\t<div class=\"e-con-inner\">\n\t\t<div class=\"elementor-element elementor-element-e741f72 e-con-full e-flex e-con e-child\" data-id=\"e741f72\" data-element_type=\"container\" data-settings=\"{&quot;ekit_has_onepagescroll_dot&quot;:&quot;yes&quot;}\">\n\t\t\t\t<div class=\"elementor-element elementor-element-1729a30 elementor-widget__width-initial elementor-widget elementor-widget-text-editor\" data-id=\"1729a30\" data-element_type=\"widget\" data-settings=\"{&quot;ekit_we_effect_on&quot;:&quot;none&quot;}\" data-widget_type=\"text-editor.default\">\n\t\t\t\t<div class=\"elementor-widget-container\">\n\t\t\t\t\t\t\t\t\t<h5><span class=\"notion-enable-hover\" data-token-index=\"0\">&#8211; <\/span><span class=\"notion-enable-hover\" data-token-index=\"1\">An\u00e1lisis patol\u00f3gico de la construcci\u00f3n<\/span><\/h5><p><span class=\"notion-enable-hover\" data-token-index=\"2\"> Este servicio se centra en la identificaci\u00f3n y el diagn\u00f3stico de problemas en propiedades existentes. Nuestro objetivo es encontrar la causa ra\u00edz de los problemas (anomal\u00edas) y proponer soluciones efectivas, garantizando as\u00ed el valor y la durabilidad de su propiedad.<\/span><\/p><p><span class=\"notion-enable-hover\" data-token-index=\"3\">Diagn\u00f3stico t\u00e9cnico de bienes inmuebles.<\/span><\/p><p><span class=\"notion-enable-hover\" data-token-index=\"4\">&#8211;\u00a0<\/span><span class=\"notion-enable-hover\" data-token-index=\"5\">An\u00e1lisis estructural<\/span><\/p><p><span class=\"notion-enable-hover\" data-token-index=\"9\">Certificaci\u00f3n ac\u00fastica<\/span><\/p><p><span class=\"notion-enable-hover\" data-token-index=\"10\">&#8211;\u00a0<\/span><span class=\"notion-enable-hover\" data-token-index=\"11\">Inspecciones antes de alquilar<\/span><!-- notionvc: 1437c52b-3a83-411c-b938-9aa3e25a3dba --><\/p>\t\t\t\t\t\t\t\t<\/div>\n\t\t\t\t<\/div>\n\t\t\t\t<\/div>\n\t\t<div class=\"elementor-element elementor-element-ee3508d e-con-full e-flex e-con e-child\" data-id=\"ee3508d\" data-element_type=\"container\" data-settings=\"{&quot;ekit_has_onepagescroll_dot&quot;:&quot;yes&quot;}\">\n\t\t\t\t<div class=\"elementor-element elementor-element-e3ba25a elementor-widget elementor-widget-text-editor\" data-id=\"e3ba25a\" data-element_type=\"widget\" data-settings=\"{&quot;ekit_we_effect_on&quot;:&quot;none&quot;}\" data-widget_type=\"text-editor.default\">\n\t\t\t\t<div class=\"elementor-widget-container\">\n\t\t\t\t\t\t\t\t\t<h5><strong><span data-token-index=\"0\">&#8211; <\/span><span data-token-index=\"1\">Servicio de apoyo a la construcci\u00f3n<\/span><\/strong><\/h5><p><span data-token-index=\"2\">Este servicio se cre\u00f3 para garantizar que su proyecto de construcci\u00f3n, remodelaci\u00f3n o rehabilitaci\u00f3n se desarrolle con la m\u00e1xima seguridad y control. Durante todo el proceso, nuestro equipo act\u00faa como socio t\u00e9cnico, ofreciendo:<\/span><\/p><p><span data-token-index=\"3\">Seguimiento del trabajo<\/span><\/p><p><span style=\"font-style: inherit; font-weight: inherit;\">Inspecciones de edificios adyacentes<\/span><\/p><p><span data-token-index=\"6\">&#8211;\u00a0<\/span><span data-token-index=\"7\">Monitorizaci\u00f3n mediante medidores de grietas<\/span><\/p><p><span data-token-index=\"8\">METRO<\/span><span data-token-index=\"9\">Monitoreo a trav\u00e9s de objetivos topogr\u00e1ficos<\/span><\/p><p style=\"font-size: 14px; font-style: normal; font-weight: 400;\"><span data-token-index=\"13\"><span style=\"font-style: inherit; font-weight: inherit;\" data-token-index=\"10\">&#8211;\u00a0<\/span><span style=\"font-style: inherit; font-weight: inherit;\" data-token-index=\"11\">An\u00e1lisis geol\u00f3gico<\/span><\/span><\/p><p style=\"font-size: 14px; font-style: normal; font-weight: 400;\"><span data-token-index=\"13\">Filmaci\u00f3n del trabajo en\u00a0<\/span><span data-token-index=\"14\">lapso de tiempo<\/span><\/p><p style=\"font-size: 14px; font-style: normal; font-weight: 400;\"><span data-token-index=\"17\">Im\u00e1genes a\u00e9reas de la obra.<\/span><\/p><p style=\"font-size: 14px; font-style: normal; font-weight: 400;\"><span data-token-index=\"20\">&#8211;\u00a0<\/span><span data-token-index=\"21\">Visualizaci\u00f3n de la obra de arte en tiempo real y a distancia.<\/span><\/p><p style=\"font-size: 14px; font-style: normal; font-weight: 400;\"><span data-token-index=\"22\">Digitalizaci\u00f3n 3D de interiores de edificios<\/span><\/p><p style=\"font-size: 14px; font-style: normal; font-weight: 400;\"><span data-token-index=\"23\">Virtualizaci\u00f3n, mediante nubes de puntos, de edificios y espacios exteriores en 3D.<\/span><\/p><p style=\"font-size: 14px; font-style: normal; font-weight: 400;\"><span data-token-index=\"23\">Levantamiento arquitect\u00f3nico y topogr\u00e1fico de edificios<\/span><\/p><p><!-- notionvc: 7a08f802-efee-43ed-9e50-796c2f2fe633 --><\/p>\t\t\t\t\t\t\t\t<\/div>\n\t\t\t\t<\/div>\n\t\t\t\t<\/div>\n\t\t\t\t<div class=\"elementor-element elementor-element-ef7a344 elementor-widget elementor-widget-text-editor\" data-id=\"ef7a344\" data-element_type=\"widget\" data-settings=\"{&quot;ekit_we_effect_on&quot;:&quot;none&quot;}\" data-widget_type=\"text-editor.default\">\n\t\t\t\t<div class=\"elementor-widget-container\">\n\t\t\t\t\t\t\t\t\t<p style=\"font-size: 14px; font-style: normal; font-weight: 400;\"><span class=\"notion-enable-hover\" data-token-index=\"12\">\u2022&nbsp;<\/span><\/p>\t\t\t\t\t\t\t\t<\/div>\n\t\t\t\t<\/div>\n\t\t\t\t\t<\/div>\n\t\t\t\t<\/div>\n\t\t<div class=\"elementor-element elementor-element-5f73d3e e-flex e-con-boxed e-con e-parent\" data-id=\"5f73d3e\" data-element_type=\"container\" data-settings=\"{&quot;ekit_has_onepagescroll_dot&quot;:&quot;yes&quot;}\">\n\t\t\t\t\t<div class=\"e-con-inner\">\n\t\t\t\t<div class=\"elementor-element elementor-element-f78f7c5 elementor-widget elementor-widget-text-editor\" data-id=\"f78f7c5\" data-element_type=\"widget\" data-settings=\"{&quot;ekit_we_effect_on&quot;:&quot;none&quot;}\" data-widget_type=\"text-editor.default\">\n\t\t\t\t<div class=\"elementor-widget-container\">\n\t\t\t\t\t\t\t\t\t<p><span class=\"notion-enable-hover\" data-token-index=\"0\">Despu\u00e9s de nuestros servicios, le entregaremos un <\/span><span class=\"notion-enable-hover\" data-token-index=\"1\">Informe t\u00e9cnico<\/span><span class=\"notion-enable-hover\" data-token-index=\"2\"> Completo. Este documento detallado no solo identifica anomal\u00edas e incumplimientos, sino que tambi\u00e9n presenta las soluciones correctivas necesarias. Para su tranquilidad, el informe incluye medidas preventivas que ayudar\u00e1n a evitar problemas futuros, protegiendo as\u00ed su inversi\u00f3n a largo plazo.<\/span><\/p>\t\t\t\t\t\t\t\t<\/div>\n\t\t\t\t<\/div>\n\t\t\t\t\t<\/div>\n\t\t\t\t<\/div>\n\t\t<div class=\"elementor-element elementor-element-863eb1c e-flex e-con-boxed e-con e-parent\" data-id=\"863eb1c\" data-element_type=\"container\" data-settings=\"{&quot;ekit_has_onepagescroll_dot&quot;:&quot;yes&quot;}\">\n\t\t\t\t\t<div class=\"e-con-inner\">\n\t\t<div class=\"elementor-element elementor-element-2b890ad e-con-full e-flex e-con e-child\" data-id=\"2b890ad\" data-element_type=\"container\" data-settings=\"{&quot;ekit_has_onepagescroll_dot&quot;:&quot;yes&quot;}\">\n\t\t\t\t<div class=\"elementor-element elementor-element-f2fb81a elementor-widget elementor-widget-image\" data-id=\"f2fb81a\" data-element_type=\"widget\" data-settings=\"{&quot;ekit_we_effect_on&quot;:&quot;none&quot;}\" data-widget_type=\"image.default\">\n\t\t\t\t<div class=\"elementor-widget-container\">\n\t\t\t\t\t\t\t\t\t\t\t\t\t\t\t<img fetchpriority=\"high\" decoding=\"async\" width=\"2560\" height=\"1348\" src=\"https:\/\/checkhouse.pt\/wp-content\/uploads\/2024\/07\/iStock-1193143264-scaled.jpg\" class=\"attachment-full size-full wp-image-486\" alt=\"\" srcset=\"https:\/\/checkhouse.pt\/wp-content\/uploads\/2024\/07\/iStock-1193143264-scaled.jpg 2560w, https:\/\/checkhouse.pt\/wp-content\/uploads\/2024\/07\/iStock-1193143264-300x158.jpg 300w, https:\/\/checkhouse.pt\/wp-content\/uploads\/2024\/07\/iStock-1193143264-1024x539.jpg 1024w, https:\/\/checkhouse.pt\/wp-content\/uploads\/2024\/07\/iStock-1193143264-768x404.jpg 768w, https:\/\/checkhouse.pt\/wp-content\/uploads\/2024\/07\/iStock-1193143264-1536x809.jpg 1536w, https:\/\/checkhouse.pt\/wp-content\/uploads\/2024\/07\/iStock-1193143264-2048x1078.jpg 2048w\" sizes=\"(max-width: 2560px) 100vw, 2560px\" \/>\t\t\t\t\t\t\t\t\t\t\t\t\t\t\t<\/div>\n\t\t\t\t<\/div>\n\t\t\t\t<\/div>\n\t\t\t\t\t<\/div>\n\t\t\t\t<\/div>\n\t\t<div class=\"elementor-element elementor-element-1143001 e-flex e-con-boxed e-con e-parent\" data-id=\"1143001\" data-element_type=\"container\" data-settings=\"{&quot;ekit_has_onepagescroll_dot&quot;:&quot;yes&quot;}\">\n\t\t\t\t\t<div class=\"e-con-inner\">\n\t\t<div class=\"elementor-element elementor-element-6b14cd4 e-grid e-con-full e-con e-child\" data-id=\"6b14cd4\" data-element_type=\"container\" data-settings=\"{&quot;ekit_has_onepagescroll_dot&quot;:&quot;yes&quot;}\">\n\t\t\t\t<div class=\"elementor-element elementor-element-0d53257 elementor-view-default elementor-widget elementor-widget-icon\" data-id=\"0d53257\" data-element_type=\"widget\" data-settings=\"{&quot;ekit_we_effect_on&quot;:&quot;none&quot;}\" data-widget_type=\"icon.default\">\n\t\t\t\t<div class=\"elementor-widget-container\">\n\t\t\t\t\t\t\t<div class=\"elementor-icon-wrapper\">\n\t\t\t<a class=\"elementor-icon\" href=\"https:\/\/www.facebook.com\/checkhouse\/\">\n\t\t\t<svg aria-hidden=\"true\" class=\"e-font-icon-svg e-fab-facebook\" viewbox=\"0 0 512 512\" xmlns=\"http:\/\/www.w3.org\/2000\/svg\"><path d=\"M504 256C504 119 393 8 256 8S8 119 8 256c0 123.78 90.69 226.38 209.25 245V327.69h-63V256h63v-54.64c0-62.15 37-96.48 93.67-96.48 27.14 0 55.52 4.84 55.52 4.84v61h-31.28c-30.8 0-40.41 19.12-40.41 38.73V256h68.78l-11 71.69h-57.78V501C413.31 482.38 504 379.78 504 256z\"><\/path><\/svg>\t\t\t<\/a>\n\t\t<\/div>\n\t\t\t\t\t\t<\/div>\n\t\t\t\t<\/div>\n\t\t\t\t<div class=\"elementor-element elementor-element-996821f elementor-view-default elementor-widget elementor-widget-icon\" data-id=\"996821f\" data-element_type=\"widget\" data-settings=\"{&quot;ekit_we_effect_on&quot;:&quot;none&quot;}\" data-widget_type=\"icon.default\">\n\t\t\t\t<div class=\"elementor-widget-container\">\n\t\t\t\t\t\t\t<div class=\"elementor-icon-wrapper\">\n\t\t\t<a class=\"elementor-icon\" href=\"https:\/\/www.instagram.com\/checkhouse.oficial\/\">\n\t\t\t<svg aria-hidden=\"true\" class=\"e-font-icon-svg e-fab-instagram\" viewbox=\"0 0 448 512\" xmlns=\"http:\/\/www.w3.org\/2000\/svg\"><path d=\"M224.1 141c-63.6 0-114.9 51.3-114.9 114.9s51.3 114.9 114.9 114.9S339 319.5 339 255.9 287.7 141 224.1 141zm0 189.6c-41.1 0-74.7-33.5-74.7-74.7s33.5-74.7 74.7-74.7 74.7 33.5 74.7 74.7-33.6 74.7-74.7 74.7zm146.4-194.3c0 14.9-12 26.8-26.8 26.8-14.9 0-26.8-12-26.8-26.8s12-26.8 26.8-26.8 26.8 12 26.8 26.8zm76.1 27.2c-1.7-35.9-9.9-67.7-36.2-93.9-26.2-26.2-58-34.4-93.9-36.2-37-2.1-147.9-2.1-184.9 0-35.8 1.7-67.6 9.9-93.9 36.1s-34.4 58-36.2 93.9c-2.1 37-2.1 147.9 0 184.9 1.7 35.9 9.9 67.7 36.2 93.9s58 34.4 93.9 36.2c37 2.1 147.9 2.1 184.9 0 35.9-1.7 67.7-9.9 93.9-36.2 26.2-26.2 34.4-58 36.2-93.9 2.1-37 2.1-147.8 0-184.8zM398.8 388c-7.8 19.6-22.9 34.7-42.6 42.6-29.5 11.7-99.5 9-132.1 9s-102.7 2.6-132.1-9c-19.6-7.8-34.7-22.9-42.6-42.6-11.7-29.5-9-99.5-9-132.1s-2.6-102.7 9-132.1c7.8-19.6 22.9-34.7 42.6-42.6 29.5-11.7 99.5-9 132.1-9s102.7-2.6 132.1 9c19.6 7.8 34.7 22.9 42.6 42.6 11.7 29.5 9 99.5 9 132.1s2.7 102.7-9 132.1z\"><\/path><\/svg>\t\t\t<\/a>\n\t\t<\/div>\n\t\t\t\t\t\t<\/div>\n\t\t\t\t<\/div>\n\t\t\t\t<div class=\"elementor-element elementor-element-77db71c elementor-view-default elementor-widget elementor-widget-icon\" data-id=\"77db71c\" data-element_type=\"widget\" data-settings=\"{&quot;ekit_we_effect_on&quot;:&quot;none&quot;}\" data-widget_type=\"icon.default\">\n\t\t\t\t<div class=\"elementor-widget-container\">\n\t\t\t\t\t\t\t<div class=\"elementor-icon-wrapper\">\n\t\t\t<a class=\"elementor-icon\" href=\"https:\/\/www.linkedin.com\/company\/checkhouse\/?viewAsMember=true\">\n\t\t\t<svg aria-hidden=\"true\" class=\"e-font-icon-svg e-fab-linkedin\" viewbox=\"0 0 448 512\" xmlns=\"http:\/\/www.w3.org\/2000\/svg\"><path d=\"M416 32H31.9C14.3 32 0 46.5 0 64.3v383.4C0 465.5 14.3 480 31.9 480H416c17.6 0 32-14.5 32-32.3V64.3c0-17.8-14.4-32.3-32-32.3zM135.4 416H69V202.2h66.5V416zm-33.2-243c-21.3 0-38.5-17.3-38.5-38.5S80.9 96 102.2 96c21.2 0 38.5 17.3 38.5 38.5 0 21.3-17.2 38.5-38.5 38.5zm282.1 243h-66.4V312c0-24.8-.5-56.7-34.5-56.7-34.6 0-39.9 27-39.9 54.9V416h-66.4V202.2h63.7v29.2h.9c8.9-16.8 30.6-34.5 62.9-34.5 67.2 0 79.7 44.3 79.7 101.9V416z\"><\/path><\/svg>\t\t\t<\/a>\n\t\t<\/div>\n\t\t\t\t\t\t<\/div>\n\t\t\t\t<\/div>\n\t\t\t\t<\/div>\n\t\t\t\t\t<\/div>\n\t\t\t\t<\/div>\n\t\t\t\t<\/div>","protected":false},"excerpt":{"rendered":"<p>AN\u00c1LISE PATOL\u00d3GICA DA CONSTRU\u00c7\u00c3O SERVI\u00c7OS DE APOIO A OBRA Com o passar do tempo, todos os im\u00f3veis &#8211; sejam eles apartamentos, moradias, superf\u00edcies comerciais ou zonas comuns de edif\u00edcios &#8211; manifestam anomalias que comprometem a sua qualidade e valor. Infiltra\u00e7\u00f5es, falhas em acabamentos, problemas nas instala\u00e7\u00f5es el\u00e9tricas, redes de \u00e1guas e esgotos ou sistemas de [&hellip;]<\/p>\n","protected":false},"author":1,"featured_media":0,"parent":0,"menu_order":0,"comment_status":"closed","ping_status":"closed","template":"","meta":{"om_disable_all_campaigns":false,"_monsterinsights_skip_tracking":false,"_monsterinsights_sitenote_active":false,"_monsterinsights_sitenote_note":"","_monsterinsights_sitenote_category":0,"footnotes":""},"class_list":["post-33","page","type-page","status-publish","hentry"],"aioseo_notices":[],"_links":{"self":[{"href":"https:\/\/checkhouse.pt\/es\/wp-json\/wp\/v2\/pages\/33","targetHints":{"allow":["GET"]}}],"collection":[{"href":"https:\/\/checkhouse.pt\/es\/wp-json\/wp\/v2\/pages"}],"about":[{"href":"https:\/\/checkhouse.pt\/es\/wp-json\/wp\/v2\/types\/page"}],"author":[{"embeddable":true,"href":"https:\/\/checkhouse.pt\/es\/wp-json\/wp\/v2\/users\/1"}],"replies":[{"embeddable":true,"href":"https:\/\/checkhouse.pt\/es\/wp-json\/wp\/v2\/comments?post=33"}],"version-history":[{"count":3,"href":"https:\/\/checkhouse.pt\/es\/wp-json\/wp\/v2\/pages\/33\/revisions"}],"predecessor-version":[{"id":3051,"href":"https:\/\/checkhouse.pt\/es\/wp-json\/wp\/v2\/pages\/33\/revisions\/3051"}],"wp:attachment":[{"href":"https:\/\/checkhouse.pt\/es\/wp-json\/wp\/v2\/media?parent=33"}],"curies":[{"name":"wp","href":"https:\/\/api.w.org\/{rel}","templated":true}]}}