 {"id":2898,"date":"2025-09-03T17:11:51","date_gmt":"2025-09-03T17:11:51","guid":{"rendered":"https:\/\/checkhouse.pt\/?page_id=2898"},"modified":"2025-09-26T15:20:51","modified_gmt":"2025-09-26T15:20:51","slug":"mosteiro-dos-jeronimos","status":"publish","type":"page","link":"https:\/\/checkhouse.pt\/es\/mosteiro-dos-jeronimos\/","title":{"rendered":"Monasterio de los Jer\u00f3nimos"},"content":{"rendered":"<div data-elementor-type=\"wp-page\" data-elementor-id=\"2898\" class=\"elementor elementor-2898\" data-elementor-post-type=\"page\">\n\t\t\t\t<div class=\"elementor-element elementor-element-e5db0a1 e-flex e-con-boxed e-con e-parent\" data-id=\"e5db0a1\" data-element_type=\"container\" data-settings=\"{&quot;ekit_has_onepagescroll_dot&quot;:&quot;yes&quot;}\">\n\t\t\t\t\t<div class=\"e-con-inner\">\n\t\t<div class=\"elementor-element elementor-element-0ab8a4f e-con-full e-flex e-con e-child\" data-id=\"0ab8a4f\" data-element_type=\"container\" data-settings=\"{&quot;ekit_has_onepagescroll_dot&quot;:&quot;yes&quot;}\">\n\t\t\t\t<div class=\"elementor-element elementor-element-7ff9a10 elementor-widget__width-initial elementor-widget elementor-widget-text-editor\" data-id=\"7ff9a10\" data-element_type=\"widget\" data-settings=\"{&quot;ekit_we_effect_on&quot;:&quot;none&quot;}\" data-widget_type=\"text-editor.default\">\n\t\t\t\t<div class=\"elementor-widget-container\">\n\t\t\t\t\t\t\t\t\t<p><a href=\"https:\/\/checkhouse.pt\/es\/news\/\">NOT\u00cdCIAS<\/a><\/p>\t\t\t\t\t\t\t\t<\/div>\n\t\t\t\t<\/div>\n\t\t\t\t<\/div>\n\t\t\t\t\t<\/div>\n\t\t\t\t<\/div>\n\t\t<div class=\"elementor-element elementor-element-4cb4016 e-flex e-con-boxed e-con e-parent\" data-id=\"4cb4016\" data-element_type=\"container\" data-settings=\"{&quot;ekit_has_onepagescroll_dot&quot;:&quot;yes&quot;}\">\n\t\t\t\t\t<div class=\"e-con-inner\">\n\t\t<div class=\"elementor-element elementor-element-4e494d1 e-con-full e-flex e-con e-child\" data-id=\"4e494d1\" data-element_type=\"container\" data-settings=\"{&quot;ekit_has_onepagescroll_dot&quot;:&quot;yes&quot;}\">\n\t\t\t\t<div class=\"elementor-element elementor-element-8466bc8 elementor-invisible elementor-widget elementor-widget-heading\" data-id=\"8466bc8\" data-element_type=\"widget\" data-settings=\"{&quot;_animation&quot;:&quot;fadeInLeft&quot;,&quot;ekit_we_effect_on&quot;:&quot;none&quot;}\" data-widget_type=\"heading.default\">\n\t\t\t\t<div class=\"elementor-widget-container\">\n\t\t\t\t\t<h2 class=\"elementor-heading-title elementor-size-default\">Checkhouse en el Monasterio de los Jer\u00f3nimos<\/h2>\t\t\t\t<\/div>\n\t\t\t\t<\/div>\n\t\t\t\t<div class=\"elementor-element elementor-element-cc4220f elementor-invisible elementor-widget elementor-widget-text-editor\" data-id=\"cc4220f\" data-element_type=\"widget\" data-settings=\"{&quot;_animation&quot;:&quot;fadeInLeft&quot;,&quot;ekit_we_effect_on&quot;:&quot;none&quot;}\" data-widget_type=\"text-editor.default\">\n\t\t\t\t<div class=\"elementor-widget-container\">\n\t\t\t\t\t\t\t\t\t<p><em>La tecnolog\u00eda al servicio de la preservaci\u00f3n del patrimonio nacional.<\/em><\/p>\t\t\t\t\t\t\t\t<\/div>\n\t\t\t\t<\/div>\n\t\t\t\t<div class=\"elementor-element elementor-element-233b2d8 elementor-invisible elementor-widget elementor-widget-text-editor\" data-id=\"233b2d8\" data-element_type=\"widget\" data-settings=\"{&quot;_animation&quot;:&quot;fadeInLeft&quot;,&quot;ekit_we_effect_on&quot;:&quot;none&quot;}\" data-widget_type=\"text-editor.default\">\n\t\t\t\t<div class=\"elementor-widget-container\">\n\t\t\t\t\t\t\t\t\t<p>Septiembre de 2025<\/p><p>El emblem\u00e1tico Monasterio de los Jer\u00f3nimos, uno de los mayores s\u00edmbolos de la historia y la cultura portuguesas, est\u00e1 siendo sometido a una minuciosa inspecci\u00f3n t\u00e9cnica. En una operaci\u00f3n que combina el respeto por el pasado con la tecnolog\u00eda del futuro, Checkhouse inicia un proceso de inspecci\u00f3n para garantizar la conservaci\u00f3n y la longevidad de este edificio, declarado Patrimonio de la Humanidad por la UNESCO.<\/p><p>Construido a principios del siglo XVI por orden del rey Manuel I, el Monasterio es testimonio del rico patrimonio cultural, espiritual y art\u00edstico de Portugal. A lo largo de cinco siglos, ha resistido transformaciones pol\u00edticas, sociales y ambientales, manteni\u00e9ndose como un s\u00edmbolo del pa\u00eds y un punto de referencia para visitantes de todo el mundo.<\/p>\t\t\t\t\t\t\t\t<\/div>\n\t\t\t\t<\/div>\n\t\t\t\t<\/div>\n\t\t<div class=\"elementor-element elementor-element-fdec99f e-con-full e-flex e-con e-child\" data-id=\"fdec99f\" data-element_type=\"container\" data-settings=\"{&quot;ekit_has_onepagescroll_dot&quot;:&quot;yes&quot;}\">\n\t\t<div class=\"elementor-element elementor-element-ac8e3a3 e-con-full e-flex e-con e-child\" data-id=\"ac8e3a3\" data-element_type=\"container\" data-settings=\"{&quot;ekit_has_onepagescroll_dot&quot;:&quot;yes&quot;}\">\n\t\t\t\t<div class=\"elementor-element elementor-element-e6d628a elementor-widget__width-initial elementor-invisible elementor-widget elementor-widget-text-editor\" data-id=\"e6d628a\" data-element_type=\"widget\" data-settings=\"{&quot;_animation&quot;:&quot;fadeInRight&quot;,&quot;ekit_we_effect_on&quot;:&quot;none&quot;}\" data-widget_type=\"text-editor.default\">\n\t\t\t\t<div class=\"elementor-widget-container\">\n\t\t\t\t\t\t\t\t\t<p>Monumentos de esta envergadura e importancia requieren una atenci\u00f3n constante a su conservaci\u00f3n estructural y material. El Monasterio ha sido objeto de una larga y compleja labor de restauraci\u00f3n y conservaci\u00f3n, llevada a cabo durante d\u00e9cadas, para garantizar su autenticidad y seguridad frente a las exigencias del turismo y las amenazas del paso del tiempo y el cambio clim\u00e1tico.<\/p><p>Utilizando equipos de \u00faltima generaci\u00f3n, el equipo de Checkhouse est\u00e1 creando un registro fotogr\u00e1fico detallado del estado de conservaci\u00f3n del Monasterio. Con la ayuda de estas herramientas, identifican patolog\u00edas como grietas, infiltraciones o degradaci\u00f3n de los materiales. El objetivo es elaborar un informe t\u00e9cnico que sirva de base para un plan de conservaci\u00f3n y mantenimiento, garantizando que el Monasterio de los Jer\u00f3nimos se mantenga en perfectas condiciones para las generaciones futuras.<\/p>\t\t\t\t\t\t\t\t<\/div>\n\t\t\t\t<\/div>\n\t\t\t\t<\/div>\n\t\t<div class=\"elementor-element elementor-element-f6f1794 e-con-full e-flex e-con e-child\" data-id=\"f6f1794\" data-element_type=\"container\" data-settings=\"{&quot;ekit_has_onepagescroll_dot&quot;:&quot;yes&quot;}\">\n\t\t\t\t<div class=\"elementor-element elementor-element-ac78032 elementor-invisible elementor-widget elementor-widget-image\" data-id=\"ac78032\" data-element_type=\"widget\" data-settings=\"{&quot;_animation&quot;:&quot;fadeInRight&quot;,&quot;ekit_we_effect_on&quot;:&quot;none&quot;}\" data-widget_type=\"image.default\">\n\t\t\t\t<div class=\"elementor-widget-container\">\n\t\t\t\t\t\t\t\t\t\t\t\t\t\t\t<img fetchpriority=\"high\" decoding=\"async\" width=\"800\" height=\"450\" src=\"https:\/\/checkhouse.pt\/wp-content\/uploads\/2025\/09\/mosteiro-dos-jeronimos-1024x576.jpg\" class=\"attachment-large size-large wp-image-2893\" alt=\"\" srcset=\"https:\/\/checkhouse.pt\/wp-content\/uploads\/2025\/09\/mosteiro-dos-jeronimos-1024x576.jpg 1024w, https:\/\/checkhouse.pt\/wp-content\/uploads\/2025\/09\/mosteiro-dos-jeronimos-300x169.jpg 300w, https:\/\/checkhouse.pt\/wp-content\/uploads\/2025\/09\/mosteiro-dos-jeronimos-768x432.jpg 768w, https:\/\/checkhouse.pt\/wp-content\/uploads\/2025\/09\/mosteiro-dos-jeronimos-18x10.jpg 18w, https:\/\/checkhouse.pt\/wp-content\/uploads\/2025\/09\/mosteiro-dos-jeronimos.avif 1222w\" sizes=\"(max-width: 800px) 100vw, 800px\" \/>\t\t\t\t\t\t\t\t\t\t\t\t\t\t\t<\/div>\n\t\t\t\t<\/div>\n\t\t\t\t<\/div>\n\t\t\t\t<\/div>\n\t\t\t\t\t<\/div>\n\t\t\t\t<\/div>\n\t\t<div class=\"elementor-element elementor-element-a11550f e-flex e-con-boxed e-con e-parent\" data-id=\"a11550f\" data-element_type=\"container\" data-settings=\"{&quot;ekit_has_onepagescroll_dot&quot;:&quot;yes&quot;}\">\n\t\t\t\t\t<div class=\"e-con-inner\">\n\t\t<div class=\"elementor-element elementor-element-a6c314a e-grid e-con-full e-con e-child\" data-id=\"a6c314a\" data-element_type=\"container\" data-settings=\"{&quot;ekit_has_onepagescroll_dot&quot;:&quot;yes&quot;}\">\n\t\t\t\t<div class=\"elementor-element elementor-element-5d3fb15 elementor-view-default elementor-widget elementor-widget-icon\" data-id=\"5d3fb15\" data-element_type=\"widget\" data-settings=\"{&quot;ekit_we_effect_on&quot;:&quot;none&quot;}\" data-widget_type=\"icon.default\">\n\t\t\t\t<div class=\"elementor-widget-container\">\n\t\t\t\t\t\t\t<div class=\"elementor-icon-wrapper\">\n\t\t\t<a class=\"elementor-icon\" href=\"https:\/\/www.facebook.com\/checkhouse\/\">\n\t\t\t<svg aria-hidden=\"true\" class=\"e-font-icon-svg e-fab-facebook\" viewbox=\"0 0 512 512\" xmlns=\"http:\/\/www.w3.org\/2000\/svg\"><path d=\"M504 256C504 119 393 8 256 8S8 119 8 256c0 123.78 90.69 226.38 209.25 245V327.69h-63V256h63v-54.64c0-62.15 37-96.48 93.67-96.48 27.14 0 55.52 4.84 55.52 4.84v61h-31.28c-30.8 0-40.41 19.12-40.41 38.73V256h68.78l-11 71.69h-57.78V501C413.31 482.38 504 379.78 504 256z\"><\/path><\/svg>\t\t\t<\/a>\n\t\t<\/div>\n\t\t\t\t\t\t<\/div>\n\t\t\t\t<\/div>\n\t\t\t\t<div class=\"elementor-element elementor-element-f0bc481 elementor-view-default elementor-widget elementor-widget-icon\" data-id=\"f0bc481\" data-element_type=\"widget\" data-settings=\"{&quot;ekit_we_effect_on&quot;:&quot;none&quot;}\" data-widget_type=\"icon.default\">\n\t\t\t\t<div class=\"elementor-widget-container\">\n\t\t\t\t\t\t\t<div class=\"elementor-icon-wrapper\">\n\t\t\t<a class=\"elementor-icon\" href=\"https:\/\/www.instagram.com\/checkhouse.oficial\/\">\n\t\t\t<svg aria-hidden=\"true\" class=\"e-font-icon-svg e-fab-instagram\" viewbox=\"0 0 448 512\" xmlns=\"http:\/\/www.w3.org\/2000\/svg\"><path d=\"M224.1 141c-63.6 0-114.9 51.3-114.9 114.9s51.3 114.9 114.9 114.9S339 319.5 339 255.9 287.7 141 224.1 141zm0 189.6c-41.1 0-74.7-33.5-74.7-74.7s33.5-74.7 74.7-74.7 74.7 33.5 74.7 74.7-33.6 74.7-74.7 74.7zm146.4-194.3c0 14.9-12 26.8-26.8 26.8-14.9 0-26.8-12-26.8-26.8s12-26.8 26.8-26.8 26.8 12 26.8 26.8zm76.1 27.2c-1.7-35.9-9.9-67.7-36.2-93.9-26.2-26.2-58-34.4-93.9-36.2-37-2.1-147.9-2.1-184.9 0-35.8 1.7-67.6 9.9-93.9 36.1s-34.4 58-36.2 93.9c-2.1 37-2.1 147.9 0 184.9 1.7 35.9 9.9 67.7 36.2 93.9s58 34.4 93.9 36.2c37 2.1 147.9 2.1 184.9 0 35.9-1.7 67.7-9.9 93.9-36.2 26.2-26.2 34.4-58 36.2-93.9 2.1-37 2.1-147.8 0-184.8zM398.8 388c-7.8 19.6-22.9 34.7-42.6 42.6-29.5 11.7-99.5 9-132.1 9s-102.7 2.6-132.1-9c-19.6-7.8-34.7-22.9-42.6-42.6-11.7-29.5-9-99.5-9-132.1s-2.6-102.7 9-132.1c7.8-19.6 22.9-34.7 42.6-42.6 29.5-11.7 99.5-9 132.1-9s102.7-2.6 132.1 9c19.6 7.8 34.7 22.9 42.6 42.6 11.7 29.5 9 99.5 9 132.1s2.7 102.7-9 132.1z\"><\/path><\/svg>\t\t\t<\/a>\n\t\t<\/div>\n\t\t\t\t\t\t<\/div>\n\t\t\t\t<\/div>\n\t\t\t\t<div class=\"elementor-element elementor-element-f87f9ea elementor-view-default elementor-widget elementor-widget-icon\" data-id=\"f87f9ea\" data-element_type=\"widget\" data-settings=\"{&quot;ekit_we_effect_on&quot;:&quot;none&quot;}\" data-widget_type=\"icon.default\">\n\t\t\t\t<div class=\"elementor-widget-container\">\n\t\t\t\t\t\t\t<div class=\"elementor-icon-wrapper\">\n\t\t\t<a class=\"elementor-icon\" href=\"https:\/\/www.linkedin.com\/company\/checkhouse\/?viewAsMember=true\">\n\t\t\t<svg aria-hidden=\"true\" class=\"e-font-icon-svg e-fab-linkedin\" viewbox=\"0 0 448 512\" xmlns=\"http:\/\/www.w3.org\/2000\/svg\"><path d=\"M416 32H31.9C14.3 32 0 46.5 0 64.3v383.4C0 465.5 14.3 480 31.9 480H416c17.6 0 32-14.5 32-32.3V64.3c0-17.8-14.4-32.3-32-32.3zM135.4 416H69V202.2h66.5V416zm-33.2-243c-21.3 0-38.5-17.3-38.5-38.5S80.9 96 102.2 96c21.2 0 38.5 17.3 38.5 38.5 0 21.3-17.2 38.5-38.5 38.5zm282.1 243h-66.4V312c0-24.8-.5-56.7-34.5-56.7-34.6 0-39.9 27-39.9 54.9V416h-66.4V202.2h63.7v29.2h.9c8.9-16.8 30.6-34.5 62.9-34.5 67.2 0 79.7 44.3 79.7 101.9V416z\"><\/path><\/svg>\t\t\t<\/a>\n\t\t<\/div>\n\t\t\t\t\t\t<\/div>\n\t\t\t\t<\/div>\n\t\t\t\t<\/div>\n\t\t\t\t\t<\/div>\n\t\t\t\t<\/div>\n\t\t\t\t<\/div>","protected":false},"excerpt":{"rendered":"<p>NOT\u00cdCIAS Checkhouse no Mosteiro dos Jer\u00f3nimos A tecnologia a servi\u00e7o da conserva\u00e7\u00e3o do patrim\u00f3nio nacional Setembro 2025 O ic\u00f3nico Mosteiro dos Jer\u00f3nimos, um dos maiores s\u00edmbolos da hist\u00f3ria e cultura portuguesa, est\u00e1 a ser alvo de uma minuciosa vistoria t\u00e9cnica. Numa opera\u00e7\u00e3o que une o respeito pelo passado \u00e0 tecnologia do futuro, a Checkhouse inicia [&hellip;]<\/p>\n","protected":false},"author":3,"featured_media":0,"parent":0,"menu_order":0,"comment_status":"closed","ping_status":"closed","template":"","meta":{"om_disable_all_campaigns":false,"_monsterinsights_skip_tracking":false,"_monsterinsights_sitenote_active":false,"_monsterinsights_sitenote_note":"","_monsterinsights_sitenote_category":0,"footnotes":""},"class_list":["post-2898","page","type-page","status-publish","hentry"],"aioseo_notices":[],"_links":{"self":[{"href":"https:\/\/checkhouse.pt\/es\/wp-json\/wp\/v2\/pages\/2898","targetHints":{"allow":["GET"]}}],"collection":[{"href":"https:\/\/checkhouse.pt\/es\/wp-json\/wp\/v2\/pages"}],"about":[{"href":"https:\/\/checkhouse.pt\/es\/wp-json\/wp\/v2\/types\/page"}],"author":[{"embeddable":true,"href":"https:\/\/checkhouse.pt\/es\/wp-json\/wp\/v2\/users\/3"}],"replies":[{"embeddable":true,"href":"https:\/\/checkhouse.pt\/es\/wp-json\/wp\/v2\/comments?post=2898"}],"version-history":[{"count":3,"href":"https:\/\/checkhouse.pt\/es\/wp-json\/wp\/v2\/pages\/2898\/revisions"}],"predecessor-version":[{"id":3030,"href":"https:\/\/checkhouse.pt\/es\/wp-json\/wp\/v2\/pages\/2898\/revisions\/3030"}],"wp:attachment":[{"href":"https:\/\/checkhouse.pt\/es\/wp-json\/wp\/v2\/media?parent=2898"}],"curies":[{"name":"wp","href":"https:\/\/api.w.org\/{rel}","templated":true}]}}