 {"id":15,"date":"2024-07-11T03:23:48","date_gmt":"2024-07-11T03:23:48","guid":{"rendered":"https:\/\/altyra.wizardswp.com\/?page_id=15"},"modified":"2025-09-26T14:52:22","modified_gmt":"2025-09-26T14:52:22","slug":"condominios","status":"publish","type":"page","link":"https:\/\/checkhouse.pt\/en\/condominios\/","title":{"rendered":"CONDOMINIUM"},"content":{"rendered":"<div data-elementor-type=\"wp-page\" data-elementor-id=\"15\" class=\"elementor elementor-15\" data-elementor-post-type=\"page\">\n\t\t\t\t<div class=\"elementor-element elementor-element-60a6f48 e-flex e-con-boxed e-con e-parent\" data-id=\"60a6f48\" data-element_type=\"container\" data-settings=\"{&quot;background_background&quot;:&quot;classic&quot;,&quot;ekit_has_onepagescroll_dot&quot;:&quot;yes&quot;}\">\n\t\t\t\t\t<div class=\"e-con-inner\">\n\t\t<div class=\"elementor-element elementor-element-428f24a e-con-full e-flex e-con e-child\" data-id=\"428f24a\" data-element_type=\"container\" data-settings=\"{&quot;ekit_has_onepagescroll_dot&quot;:&quot;yes&quot;}\">\n\t\t\t\t<div class=\"elementor-element elementor-element-3bfc9c3 elementor-widget elementor-widget-heading\" data-id=\"3bfc9c3\" data-element_type=\"widget\" data-settings=\"{&quot;ekit_we_effect_on&quot;:&quot;none&quot;}\" data-widget_type=\"heading.default\">\n\t\t\t\t<div class=\"elementor-widget-container\">\n\t\t\t\t\t<h2 class=\"elementor-heading-title elementor-size-default\">CONDOMINIUM<\/h2>\t\t\t\t<\/div>\n\t\t\t\t<\/div>\n\t\t\t\t<\/div>\n\t\t\t\t\t<\/div>\n\t\t\t\t<\/div>\n\t\t<div class=\"elementor-element elementor-element-8ec4d64 e-flex e-con-boxed e-con e-parent\" data-id=\"8ec4d64\" data-element_type=\"container\" data-settings=\"{&quot;ekit_has_onepagescroll_dot&quot;:&quot;yes&quot;}\">\n\t\t\t\t\t<div class=\"e-con-inner\">\n\t\t\t\t<div class=\"elementor-element elementor-element-e1d908f elementor-widget-divider--view-line elementor-widget elementor-widget-divider\" data-id=\"e1d908f\" data-element_type=\"widget\" data-settings=\"{&quot;ekit_we_effect_on&quot;:&quot;none&quot;}\" data-widget_type=\"divider.default\">\n\t\t\t\t<div class=\"elementor-widget-container\">\n\t\t\t\t\t\t\t<div class=\"elementor-divider\">\n\t\t\t<span class=\"elementor-divider-separator\">\n\t\t\t\t\t\t<\/span>\n\t\t<\/div>\n\t\t\t\t\t\t<\/div>\n\t\t\t\t<\/div>\n\t\t\t\t\t<\/div>\n\t\t\t\t<\/div>\n\t\t<div class=\"elementor-element elementor-element-0d0ec3d e-flex e-con-boxed e-con e-parent\" data-id=\"0d0ec3d\" data-element_type=\"container\" data-settings=\"{&quot;ekit_has_onepagescroll_dot&quot;:&quot;yes&quot;}\">\n\t\t\t\t\t<div class=\"e-con-inner\">\n\t\t<div class=\"elementor-element elementor-element-8b9fee6 e-con-full e-flex e-con e-child\" data-id=\"8b9fee6\" data-element_type=\"container\" data-settings=\"{&quot;ekit_has_onepagescroll_dot&quot;:&quot;yes&quot;}\">\n\t\t\t\t<div class=\"elementor-element elementor-element-a243a44 elementor-widget elementor-widget-text-editor\" data-id=\"a243a44\" data-element_type=\"widget\" data-settings=\"{&quot;ekit_we_effect_on&quot;:&quot;none&quot;}\" data-widget_type=\"text-editor.default\">\n\t\t\t\t<div class=\"elementor-widget-container\">\n\t\t\t\t\t\t\t\t\t<div><p>The Checkhouse Technical Diagnostic is a very useful service that allows Condominium Managers (internal or external) to offer their residents a range of services that not only increase the value of their properties but also enhance the security of their use.<\/p><\/div><div><p>Using technologically advanced equipment, as well as a team of highly specialized technicians with many years of experience, Checkhouse Technical Diagnosis allows for the detailed identification of all anomalies in the common areas of buildings, as well as the determination of their origin. All anomalies detected in the various specialties analyzed (leaks, finishes, electricity, gas, water and sewage networks, HVACs, etc.) will receive individualized treatment in the Checkhouse Technical Report, indicating what needs to be done to repair them (corrective measures), as well as what needs to be done to prevent a given anomaly from recurring (preventive measures).<\/p><\/div><div><p>In addition to the Checkhouse Technical Diagnostic and the consequent Technical Report (widely used as evidence in legal proceedings), Checkhouse also provides a set of complementary services, which allow you to offer your Condominium a set of tools that will help it solve problems.<\/p><\/div><div>These services are:<\/div>\t\t\t\t\t\t\t\t<\/div>\n\t\t\t\t<\/div>\n\t\t\t\t<\/div>\n\t\t\t\t\t<\/div>\n\t\t\t\t<\/div>\n\t\t<div class=\"elementor-element elementor-element-65ea6f4 e-flex e-con-boxed e-con e-parent\" data-id=\"65ea6f4\" data-element_type=\"container\" data-settings=\"{&quot;ekit_has_onepagescroll_dot&quot;:&quot;yes&quot;}\">\n\t\t\t\t\t<div class=\"e-con-inner\">\n\t\t<div class=\"elementor-element elementor-element-be79d7c e-con-full e-flex e-con e-child\" data-id=\"be79d7c\" data-element_type=\"container\" data-settings=\"{&quot;ekit_has_onepagescroll_dot&quot;:&quot;yes&quot;}\">\n\t\t\t\t<div class=\"elementor-element elementor-element-8137ed8 elementor-widget elementor-widget-image\" data-id=\"8137ed8\" data-element_type=\"widget\" data-settings=\"{&quot;ekit_we_effect_on&quot;:&quot;none&quot;}\" data-widget_type=\"image.default\">\n\t\t\t\t<div class=\"elementor-widget-container\">\n\t\t\t\t\t\t\t\t\t\t\t\t\t\t\t<img fetchpriority=\"high\" decoding=\"async\" width=\"1934\" height=\"568\" src=\"https:\/\/checkhouse.pt\/wp-content\/uploads\/2024\/07\/condominios.jpg\" class=\"attachment-full size-full wp-image-455\" alt=\"\" srcset=\"https:\/\/checkhouse.pt\/wp-content\/uploads\/2024\/07\/condominios.jpg 1934w, https:\/\/checkhouse.pt\/wp-content\/uploads\/2024\/07\/condominios-300x88.jpg 300w, https:\/\/checkhouse.pt\/wp-content\/uploads\/2024\/07\/condominios-1024x301.jpg 1024w, https:\/\/checkhouse.pt\/wp-content\/uploads\/2024\/07\/condominios-768x226.jpg 768w, https:\/\/checkhouse.pt\/wp-content\/uploads\/2024\/07\/condominios-1536x451.jpg 1536w\" sizes=\"(max-width: 1934px) 100vw, 1934px\" \/>\t\t\t\t\t\t\t\t\t\t\t\t\t\t\t<\/div>\n\t\t\t\t<\/div>\n\t\t\t\t<\/div>\n\t\t\t\t\t<\/div>\n\t\t\t\t<\/div>\n\t\t<div class=\"elementor-element elementor-element-1280951 e-flex e-con-boxed e-con e-parent\" data-id=\"1280951\" data-element_type=\"container\" data-settings=\"{&quot;ekit_has_onepagescroll_dot&quot;:&quot;yes&quot;}\">\n\t\t\t\t\t<div class=\"e-con-inner\">\n\t\t<div class=\"elementor-element elementor-element-f0c4933 e-con-full e-flex e-con e-child\" data-id=\"f0c4933\" data-element_type=\"container\" data-settings=\"{&quot;ekit_has_onepagescroll_dot&quot;:&quot;yes&quot;}\">\n\t\t\t\t<div class=\"elementor-element elementor-element-73eba72 elementor-widget elementor-widget-text-editor\" data-id=\"73eba72\" data-element_type=\"widget\" data-settings=\"{&quot;ekit_we_effect_on&quot;:&quot;none&quot;}\" data-widget_type=\"text-editor.default\">\n\t\t\t\t<div class=\"elementor-widget-container\">\n\t\t\t\t\t\t\t\t\t<div><strong>Map of Works and Quantities:<\/strong>\u00a0This map is an Excel sheet, in which all the quantities of work (hours) and materials, of all the corrective measures contained in the Checkhouse Technical Report, are detailed. Thus, Checkhouse provides a very important map, which can be used so that the contractors invited to respond to the tender to make the repairs of the anomalies, present their proposals, in a detailed way and so that it is possible to compare them directly.<\/div><div><strong><br \/>Valuation of the Works:<\/strong>\u00a0Placement in the Map of Works and Quantities of the values (at average market prices), to have an idea of the values of each product \/ task needed.<\/div><div><strong><br \/>Elaboration of Work Specifications:<\/strong>\u00a0This document, normally used for large constructions, is a contract that mentions not only the information contained in the Work Map and Quantity (articulated), but also the contractual issues of the contract.<\/div>\t\t\t\t\t\t\t\t<\/div>\n\t\t\t\t<\/div>\n\t\t\t\t<\/div>\n\t\t<div class=\"elementor-element elementor-element-e671170 e-con-full e-flex e-con e-child\" data-id=\"e671170\" data-element_type=\"container\" data-settings=\"{&quot;ekit_has_onepagescroll_dot&quot;:&quot;yes&quot;}\">\n\t\t\t\t<div class=\"elementor-element elementor-element-830852e elementor-widget elementor-widget-text-editor\" data-id=\"830852e\" data-element_type=\"widget\" data-settings=\"{&quot;ekit_we_effect_on&quot;:&quot;none&quot;}\" data-widget_type=\"text-editor.default\">\n\t\t\t\t<div class=\"elementor-widget-container\">\n\t\t\t\t\t\t\t\t\t<div><strong>Contest Process:\u00a0<\/strong>This phase consists of sending the invitation to the contractors, prior selected, to respond with their proposals, which usually consist of filling out the Work Map and Quantity with the respective values proposed by each contractor. In a second phase, all the proposals will be grouped in a Comparative Proposal Map, which will be an essential tool in choosing the best proposal.<\/div><div><strong><br \/>Supervision and monitoring of the work:<\/strong>\u00a0The Supervision and monitoring of the work allows checking, after the duration of the work, whether the mentioned in the Checkhouse Technical Diagnosis and respective Work Map and Quantities, is being executed according to these documents, thus ensuring the efficiency of the suggested repairs.<\/div><div><strong><br \/>Reception the Work:<\/strong>\u00a0At the end of the work, a last visit will be made to it, to confirm that it is finished. Afterwards, a report will be signed by the 3 parties involved in the work (Owner, Supervisor and Contractor), confirming that the work is finished and that it enters, from that date, into a guarantee period (usually 5 years).<\/div>\t\t\t\t\t\t\t\t<\/div>\n\t\t\t\t<\/div>\n\t\t\t\t<\/div>\n\t\t\t\t\t<\/div>\n\t\t\t\t<\/div>\n\t\t<div class=\"elementor-element elementor-element-4e5acd9 e-flex e-con-boxed e-con e-parent\" data-id=\"4e5acd9\" data-element_type=\"container\" data-settings=\"{&quot;ekit_has_onepagescroll_dot&quot;:&quot;yes&quot;}\">\n\t\t\t\t\t<div class=\"e-con-inner\">\n\t\t<div class=\"elementor-element elementor-element-9b711b5 e-grid e-con-full e-con e-child\" data-id=\"9b711b5\" data-element_type=\"container\" data-settings=\"{&quot;ekit_has_onepagescroll_dot&quot;:&quot;yes&quot;}\">\n\t\t\t\t<div class=\"elementor-element elementor-element-bc4d24b elementor-view-default elementor-widget elementor-widget-icon\" data-id=\"bc4d24b\" data-element_type=\"widget\" data-settings=\"{&quot;ekit_we_effect_on&quot;:&quot;none&quot;}\" data-widget_type=\"icon.default\">\n\t\t\t\t<div class=\"elementor-widget-container\">\n\t\t\t\t\t\t\t<div class=\"elementor-icon-wrapper\">\n\t\t\t<a class=\"elementor-icon\" href=\"https:\/\/www.facebook.com\/checkhouse\/\">\n\t\t\t<svg aria-hidden=\"true\" class=\"e-font-icon-svg e-fab-facebook\" viewbox=\"0 0 512 512\" xmlns=\"http:\/\/www.w3.org\/2000\/svg\"><path d=\"M504 256C504 119 393 8 256 8S8 119 8 256c0 123.78 90.69 226.38 209.25 245V327.69h-63V256h63v-54.64c0-62.15 37-96.48 93.67-96.48 27.14 0 55.52 4.84 55.52 4.84v61h-31.28c-30.8 0-40.41 19.12-40.41 38.73V256h68.78l-11 71.69h-57.78V501C413.31 482.38 504 379.78 504 256z\"><\/path><\/svg>\t\t\t<\/a>\n\t\t<\/div>\n\t\t\t\t\t\t<\/div>\n\t\t\t\t<\/div>\n\t\t\t\t<div class=\"elementor-element elementor-element-208f1e0 elementor-view-default elementor-widget elementor-widget-icon\" data-id=\"208f1e0\" data-element_type=\"widget\" data-settings=\"{&quot;ekit_we_effect_on&quot;:&quot;none&quot;}\" data-widget_type=\"icon.default\">\n\t\t\t\t<div class=\"elementor-widget-container\">\n\t\t\t\t\t\t\t<div class=\"elementor-icon-wrapper\">\n\t\t\t<a class=\"elementor-icon\" href=\"https:\/\/www.instagram.com\/checkhouse.oficial\/\">\n\t\t\t<svg aria-hidden=\"true\" class=\"e-font-icon-svg e-fab-instagram\" viewbox=\"0 0 448 512\" xmlns=\"http:\/\/www.w3.org\/2000\/svg\"><path d=\"M224.1 141c-63.6 0-114.9 51.3-114.9 114.9s51.3 114.9 114.9 114.9S339 319.5 339 255.9 287.7 141 224.1 141zm0 189.6c-41.1 0-74.7-33.5-74.7-74.7s33.5-74.7 74.7-74.7 74.7 33.5 74.7 74.7-33.6 74.7-74.7 74.7zm146.4-194.3c0 14.9-12 26.8-26.8 26.8-14.9 0-26.8-12-26.8-26.8s12-26.8 26.8-26.8 26.8 12 26.8 26.8zm76.1 27.2c-1.7-35.9-9.9-67.7-36.2-93.9-26.2-26.2-58-34.4-93.9-36.2-37-2.1-147.9-2.1-184.9 0-35.8 1.7-67.6 9.9-93.9 36.1s-34.4 58-36.2 93.9c-2.1 37-2.1 147.9 0 184.9 1.7 35.9 9.9 67.7 36.2 93.9s58 34.4 93.9 36.2c37 2.1 147.9 2.1 184.9 0 35.9-1.7 67.7-9.9 93.9-36.2 26.2-26.2 34.4-58 36.2-93.9 2.1-37 2.1-147.8 0-184.8zM398.8 388c-7.8 19.6-22.9 34.7-42.6 42.6-29.5 11.7-99.5 9-132.1 9s-102.7 2.6-132.1-9c-19.6-7.8-34.7-22.9-42.6-42.6-11.7-29.5-9-99.5-9-132.1s-2.6-102.7 9-132.1c7.8-19.6 22.9-34.7 42.6-42.6 29.5-11.7 99.5-9 132.1-9s102.7-2.6 132.1 9c19.6 7.8 34.7 22.9 42.6 42.6 11.7 29.5 9 99.5 9 132.1s2.7 102.7-9 132.1z\"><\/path><\/svg>\t\t\t<\/a>\n\t\t<\/div>\n\t\t\t\t\t\t<\/div>\n\t\t\t\t<\/div>\n\t\t\t\t<div class=\"elementor-element elementor-element-a042ae7 elementor-view-default elementor-widget elementor-widget-icon\" data-id=\"a042ae7\" data-element_type=\"widget\" data-settings=\"{&quot;ekit_we_effect_on&quot;:&quot;none&quot;}\" data-widget_type=\"icon.default\">\n\t\t\t\t<div class=\"elementor-widget-container\">\n\t\t\t\t\t\t\t<div class=\"elementor-icon-wrapper\">\n\t\t\t<a class=\"elementor-icon\" href=\"https:\/\/www.linkedin.com\/company\/checkhouse\/?viewAsMember=true\">\n\t\t\t<svg aria-hidden=\"true\" class=\"e-font-icon-svg e-fab-linkedin\" viewbox=\"0 0 448 512\" xmlns=\"http:\/\/www.w3.org\/2000\/svg\"><path d=\"M416 32H31.9C14.3 32 0 46.5 0 64.3v383.4C0 465.5 14.3 480 31.9 480H416c17.6 0 32-14.5 32-32.3V64.3c0-17.8-14.4-32.3-32-32.3zM135.4 416H69V202.2h66.5V416zm-33.2-243c-21.3 0-38.5-17.3-38.5-38.5S80.9 96 102.2 96c21.2 0 38.5 17.3 38.5 38.5 0 21.3-17.2 38.5-38.5 38.5zm282.1 243h-66.4V312c0-24.8-.5-56.7-34.5-56.7-34.6 0-39.9 27-39.9 54.9V416h-66.4V202.2h63.7v29.2h.9c8.9-16.8 30.6-34.5 62.9-34.5 67.2 0 79.7 44.3 79.7 101.9V416z\"><\/path><\/svg>\t\t\t<\/a>\n\t\t<\/div>\n\t\t\t\t\t\t<\/div>\n\t\t\t\t<\/div>\n\t\t\t\t<\/div>\n\t\t\t\t\t<\/div>\n\t\t\t\t<\/div>\n\t\t\t\t<\/div>","protected":false},"excerpt":{"rendered":"<p>CONDOMINIOS O Diagn\u00f3stico T\u00e9cnico Checkhouse, \u00e9 um servi\u00e7o muito \u00fatil, que permite aos Gestores de Condom\u00ednios (internos ou externos), oferecer aos seus cond\u00f3minos um conjunto de servi\u00e7os que permitem, n\u00e3o s\u00f3 valorizar os seus im\u00f3veis, mas tamb\u00e9m aumentar os n\u00edveis de seguran\u00e7a no usufruto dos mesmos. Utilizando equipamentos tecnologicamente muito avan\u00e7ados, bem como uma equipa [&hellip;]<\/p>\n","protected":false},"author":1,"featured_media":0,"parent":0,"menu_order":0,"comment_status":"closed","ping_status":"closed","template":"","meta":{"om_disable_all_campaigns":false,"_monsterinsights_skip_tracking":false,"_monsterinsights_sitenote_active":false,"_monsterinsights_sitenote_note":"","_monsterinsights_sitenote_category":0,"footnotes":""},"class_list":["post-15","page","type-page","status-publish","hentry"],"aioseo_notices":[],"_links":{"self":[{"href":"https:\/\/checkhouse.pt\/en\/wp-json\/wp\/v2\/pages\/15","targetHints":{"allow":["GET"]}}],"collection":[{"href":"https:\/\/checkhouse.pt\/en\/wp-json\/wp\/v2\/pages"}],"about":[{"href":"https:\/\/checkhouse.pt\/en\/wp-json\/wp\/v2\/types\/page"}],"author":[{"embeddable":true,"href":"https:\/\/checkhouse.pt\/en\/wp-json\/wp\/v2\/users\/1"}],"replies":[{"embeddable":true,"href":"https:\/\/checkhouse.pt\/en\/wp-json\/wp\/v2\/comments?post=15"}],"version-history":[{"count":3,"href":"https:\/\/checkhouse.pt\/en\/wp-json\/wp\/v2\/pages\/15\/revisions"}],"predecessor-version":[{"id":2999,"href":"https:\/\/checkhouse.pt\/en\/wp-json\/wp\/v2\/pages\/15\/revisions\/2999"}],"wp:attachment":[{"href":"https:\/\/checkhouse.pt\/en\/wp-json\/wp\/v2\/media?parent=15"}],"curies":[{"name":"wp","href":"https:\/\/api.w.org\/{rel}","templated":true}]}}